{"id":9550,"date":"2023-09-27T13:43:21","date_gmt":"2023-09-27T11:43:21","guid":{"rendered":"https:\/\/portademar.com\/?page_id=9550"},"modified":"2023-09-27T13:50:12","modified_gmt":"2023-09-27T11:50:12","slug":"politica-privacidad","status":"publish","type":"page","link":"https:\/\/portademar.com\/da\/politica-privacidad\/","title":{"rendered":"Privatlivspolitik"},"content":{"rendered":"<div data-elementor-type=\"wp-page\" data-elementor-id=\"9550\" class=\"elementor elementor-9550\" data-elementor-post-type=\"page\">\n\t\t\t\t<div class=\"elementor-element elementor-element-25f193a e-flex e-con-boxed e-con e-parent\" data-id=\"25f193a\" data-element_type=\"container\" data-settings=\"{&quot;background_background&quot;:&quot;classic&quot;}\">\n\t\t\t\t\t<div class=\"e-con-inner\">\n\t\t\t\t\t<\/div>\n\t\t\t\t<\/div>\n\t\t<div class=\"elementor-element elementor-element-e2dd7a1 e-flex e-con-boxed e-con e-parent\" data-id=\"e2dd7a1\" data-element_type=\"container\">\n\t\t\t\t\t<div class=\"e-con-inner\">\n\t\t\t\t<div class=\"elementor-element elementor-element-ab8d3fb elementor-widget elementor-widget-heading\" data-id=\"ab8d3fb\" data-element_type=\"widget\" data-widget_type=\"heading.default\">\n\t\t\t\t<div class=\"elementor-widget-container\">\n\t\t\t\t\t<h1 class=\"elementor-heading-title elementor-size-default\">Privatlivspolitik<\/h1>\t\t\t\t<\/div>\n\t\t\t\t<\/div>\n\t\t\t\t<div class=\"elementor-element elementor-element-e0591a7 elementor-widget elementor-widget-heading\" data-id=\"e0591a7\" data-element_type=\"widget\" data-widget_type=\"heading.default\">\n\t\t\t\t<div class=\"elementor-widget-container\">\n\t\t\t\t\t<h2 class=\"elementor-heading-title elementor-size-default\">Porta De Mar<\/h2>\t\t\t\t<\/div>\n\t\t\t\t<\/div>\n\t\t\t\t\t<\/div>\n\t\t\t\t<\/div>\n\t\t\t\t<section class=\"elementor-section elementor-top-section elementor-element elementor-element-13508294 elementor-section-boxed elementor-section-height-default elementor-section-height-default\" data-id=\"13508294\" data-element_type=\"section\">\n\t\t\t\t\t\t<div class=\"elementor-container elementor-column-gap-default\">\n\t\t\t\t\t<div class=\"elementor-column elementor-col-100 elementor-top-column elementor-element elementor-element-4b7b4f53\" data-id=\"4b7b4f53\" data-element_type=\"column\">\n\t\t\t<div class=\"elementor-widget-wrap elementor-element-populated\">\n\t\t\t\t\t\t<div class=\"elementor-element elementor-element-aa9706d elementor-widget elementor-widget-text-editor\" data-id=\"aa9706d\" data-element_type=\"widget\" data-widget_type=\"text-editor.default\">\n\t\t\t\t<div class=\"elementor-widget-container\">\n\t\t\t\t\t\t\t\t\t<p>Sidst opdateret: 27\/09\/23<\/p><p>Porta De Mar (\"vi\", \"os\", \"vores\" eller \"virksomheden\") er forpligtet til at beskytte dit privatliv og dine personlige data. Denne fortrolighedspolitik forklarer, hvordan vi indsamler, bruger og deler dine personlige data, n\u00e5r du bes\u00f8ger vores hjemmeside. <a href=\"https:\/\/portademar.com\/da\/\" target=\"_new\">https:\/\/portademar.com\/es<\/a> (\"Hjemmesiden\"). Den beskriver ogs\u00e5 dine rettigheder og valg vedr\u00f8rende dine personlige data. Ved at bruge vores hjemmeside accepterer du den praksis, der er beskrevet i denne fortrolighedspolitik.<\/p><p><strong>1. Oplysninger, vi indsamler<\/strong><\/p><p>N\u00e5r du bes\u00f8ger vores websted, indsamler vi visse personlige oplysninger fra dig, som kan omfatte, men ikke er begr\u00e6nset til:<\/p><p>1.1. <strong>Kontaktoplysninger<\/strong>Dette kan omfatte dit navn, din e-mailadresse og dit telefonnummer, som du giver os, n\u00e5r du kommunikerer med os via hjemmesiden eller den angivne e-mail.<\/p><p>1.2. <strong>Navigationsdata<\/strong>Vi indsamler oplysninger om din enhed og din browsingaktivitet p\u00e5 vores hjemmeside, herunder IP-adresse, browsertype, dato og klokkesl\u00e6t for adgang, bes\u00f8gte sider og andre brugsm\u00e5linger.<\/p><p>1.3. <strong>Cookies og lignende teknologier<\/strong>Vi bruger cookies og lignende teknologier til at indsamle oplysninger om din interaktion med hjemmesiden. Du kan finde ud af mere om, hvordan vi bruger cookies p\u00e5 vores <span style=\"text-decoration: underline;\"><a href=\"https:\/\/portademar.com\/da\/politica-de-cookies-ue\/\">[Cookiepolitik]<\/a><\/span><\/p><p><strong>2. Brug af information<\/strong><\/p><p>Vi bruger de oplysninger, vi indsamler, til at:<\/p><p>2.1. Til at levere og vedligeholde webstedet og dets funktioner.<\/p><p>2.2. svare p\u00e5 dine foresp\u00f8rgsler og anmodninger.<\/p><p>2.3. til at sende dig meddelelser om vores tjenester og kampagner, hvis du har givet dit samtykke til at modtage dem.<\/p><p>2.4. Forbedre og personligg\u00f8re din oplevelse p\u00e5 hjemmesiden.<\/p><p>2.5. Overholde vores juridiske og lovgivningsm\u00e6ssige forpligtelser.<\/p><p><strong>3. Deling af information<\/strong><\/p><p>Vi deler ikke dine personlige data med tredjeparter, undtagen under f\u00f8lgende omst\u00e6ndigheder:<\/p><p>3.1 N\u00e5r vi har dit udtrykkelige samtykke.<\/p><p>3.2. N\u00e5r det er n\u00f8dvendigt for at give dig de tjenester, du anmoder om.<\/p><p>3.3. For at overholde juridiske og lovgivningsm\u00e6ssige forpligtelser.<\/p><p><strong>4. Datasikkerhed<\/strong><\/p><p>Vi tager rimelige skridt til at beskytte dine personlige data og bevare deres fortrolighed. Bem\u00e6rk dog, at ingen dataoverf\u00f8rsel via internettet er fuldst\u00e6ndig sikker, og vi kan ikke garantere sikkerheden for de oplysninger, du deler med os.<\/p><p><strong>5. Dine rettigheder<\/strong><\/p><p>Du har visse rettigheder med hensyn til dine personlige data, herunder retten til adgang, berigtigelse, sletning, begr\u00e6nsning og portabilitet af dine data. Hvis du vil ud\u00f8ve disse rettigheder, bedes du kontakte os p\u00e5 f\u00f8lgende e-mailadresse: info@portademar.com<\/p><p><strong>6. \u00c6ndringer af denne privatlivspolitik<\/strong><\/p><p>Vi forbeholder os ret til at opdatere denne fortrolighedspolitik til enhver tid. Eventuelle \u00e6ndringer vil tr\u00e6de i kraft fra den ikrafttr\u00e6delsesdato, der er angivet i begyndelsen af denne politik. Vi opfordrer dig til regelm\u00e6ssigt at gennemg\u00e5 denne fortrolighedspolitik for at v\u00e6re opm\u00e6rksom p\u00e5 eventuelle \u00e6ndringer.<\/p><p><strong>7. Kontakt<\/strong><\/p><p>Hvis du har sp\u00f8rgsm\u00e5l eller bekymringer om denne fortrolighedspolitik eller h\u00e5ndteringen af dine personlige data, bedes du kontakte os p\u00e5 f\u00f8lgende e-mailadresse: info@portademar.com.<\/p>\t\t\t\t\t\t\t\t<\/div>\n\t\t\t\t<\/div>\n\t\t\t\t\t<\/div>\n\t\t<\/div>\n\t\t\t\t\t<\/div>\n\t\t<\/section>\n\t\t\t\t<\/div>","protected":false},"excerpt":{"rendered":"<p>Porta De Mar Privatlivspolitik Sidst opdateret: 27\/09\/23 Porta De Mar (\"vi\", \"os\", \"vores\" eller \"virksomheden\") er forpligtet til at beskytte dit privatliv og dine personlige data. Denne fortrolighedspolitik forklarer, hvordan vi indsamler, bruger og deler dine personlige data, n\u00e5r du bes\u00f8ger vores hjemmeside http:\/\/uzrydtk.cluster028.hosting.ovh.net\/es (\"Hjemmeside\"). Den beskriver ogs\u00e5 dine rettigheder og muligheder med [...].<\/p>","protected":false},"author":5,"featured_media":0,"parent":0,"menu_order":0,"comment_status":"closed","ping_status":"closed","template":"","meta":{"footnotes":""},"class_list":["post-9550","page","type-page","status-publish","hentry"],"_links":{"self":[{"href":"https:\/\/portademar.com\/da\/wp-json\/wp\/v2\/pages\/9550","targetHints":{"allow":["GET"]}}],"collection":[{"href":"https:\/\/portademar.com\/da\/wp-json\/wp\/v2\/pages"}],"about":[{"href":"https:\/\/portademar.com\/da\/wp-json\/wp\/v2\/types\/page"}],"author":[{"embeddable":true,"href":"https:\/\/portademar.com\/da\/wp-json\/wp\/v2\/users\/5"}],"replies":[{"embeddable":true,"href":"https:\/\/portademar.com\/da\/wp-json\/wp\/v2\/comments?post=9550"}],"version-history":[{"count":7,"href":"https:\/\/portademar.com\/da\/wp-json\/wp\/v2\/pages\/9550\/revisions"}],"predecessor-version":[{"id":9559,"href":"https:\/\/portademar.com\/da\/wp-json\/wp\/v2\/pages\/9550\/revisions\/9559"}],"wp:attachment":[{"href":"https:\/\/portademar.com\/da\/wp-json\/wp\/v2\/media?parent=9550"}],"curies":[{"name":"wp","href":"https:\/\/api.w.org\/{rel}","templated":true}]}}