{"id":9551,"date":"2023-09-27T13:43:41","date_gmt":"2023-09-27T11:43:41","guid":{"rendered":"https:\/\/portademar.com\/?page_id=9551"},"modified":"2024-07-23T20:37:17","modified_gmt":"2024-07-23T18:37:17","slug":"aviso-legal","status":"publish","type":"page","link":"https:\/\/portademar.com\/da\/aviso-legal\/","title":{"rendered":"Juridisk meddelelse"},"content":{"rendered":"<div data-elementor-type=\"wp-page\" data-elementor-id=\"9551\" class=\"elementor elementor-9551\" data-elementor-post-type=\"page\">\n\t\t\t\t<div class=\"elementor-element elementor-element-25f193a e-flex e-con-boxed e-con e-parent\" data-id=\"25f193a\" data-element_type=\"container\" data-settings=\"{&quot;background_background&quot;:&quot;classic&quot;}\">\n\t\t\t\t\t<div class=\"e-con-inner\">\n\t\t\t\t\t<\/div>\n\t\t\t\t<\/div>\n\t\t\t\t<section class=\"elementor-section elementor-top-section elementor-element elementor-element-13508294 elementor-section-boxed elementor-section-height-default elementor-section-height-default\" data-id=\"13508294\" data-element_type=\"section\">\n\t\t\t\t\t\t<div class=\"elementor-container elementor-column-gap-default\">\n\t\t\t\t\t<div class=\"elementor-column elementor-col-100 elementor-top-column elementor-element elementor-element-4b7b4f53\" data-id=\"4b7b4f53\" data-element_type=\"column\">\n\t\t\t<div class=\"elementor-widget-wrap elementor-element-populated\">\n\t\t\t\t\t\t<div class=\"elementor-element elementor-element-5038fdc elementor-widget elementor-widget-text-editor\" data-id=\"5038fdc\" data-element_type=\"widget\" data-widget_type=\"text-editor.default\">\n\t\t\t\t<div class=\"elementor-widget-container\">\n\t\t\t\t\t\t\t\t\t<p>\u00a0<\/p><h5><b>Juridisk meddelelse<\/b><\/h5><p>Sidst opdateret: 23.07.24<\/p><p><strong>1. juridiske oplysninger<\/strong><\/p><p>Denne juridiske meddelelse regulerer brugen af hjemmesiden <a href=\"https:\/\/portademar.com\/da\/\" target=\"_new\">https:\/\/portademar.com\/es<\/a> (herefter \"Hjemmesiden\") for Porta De Mar (herefter \"Virksomheden\"). Virksomhedens kontaktoplysninger er som f\u00f8lger:<\/p><ul><li>Forum ejendomme KRG sl, B70888052<\/li><li>Partida Santa Quiteria 840, 12550, Castell\u00f3n<\/li><li>Handelsnavn: Porta De Mar<\/li><li>Adresse: Plaza Illes Balears, n\u00ba1 - Local 2, 12594, Oropesa<\/li><li>E-mail: info@portademar.com<\/li><li>Telefonnummer: +34 691 40 00 07<\/li><\/ul><p><strong>2. Betingelser for brug<\/strong><\/p><p>Adgang til og brug af hjemmesiden er underlagt f\u00f8lgende betingelser:<\/p><p>2.1. <strong>Accept af vilk\u00e5r<\/strong>Ved at tilg\u00e5 og bruge hjemmesiden accepterer du fuldt ud og uden forbehold disse vilk\u00e5r og betingelser.<\/p><p>2.2. <strong>Autoriseret brug<\/strong>Du accepterer at bruge webstedet i overensstemmelse med g\u00e6ldende love og regler og p\u00e5 en m\u00e5de, der ikke kr\u00e6nker tredjeparts rettigheder eller forstyrrer den normale drift af webstedet.<\/p><p>2.3. <strong>\u00c6ndringer<\/strong>Virksomheden forbeholder sig ret til at \u00e6ndre eller opdatere indholdet p\u00e5 hjemmesiden samt disse vilk\u00e5r og betingelser til enhver tid uden forudg\u00e5ende varsel.<\/p><p><strong>3. Intellektuel ejendomsret<\/strong><\/p><p>3.1. <strong>Ophavsret<\/strong>Alt indhold p\u00e5 hjemmesiden, herunder, men ikke begr\u00e6nset til, tekst, billeder, grafik, logoer, design og software, er beskyttet af ophavsret og andre intellektuelle ejendomsrettigheder tilh\u00f8rende virksomheden eller licenserede tredjeparter.<\/p><p>3.2. <strong>Begr\u00e6nset brug<\/strong>Reproduktion, distribution, \u00e6ndring eller enhver anden brug af indholdet p\u00e5 hjemmesiden er forbudt uden forudg\u00e5ende skriftligt samtykke fra virksomheden.<\/p><p><strong>4. Begr\u00e6nsning af ansvar<\/strong><\/p><p>4.1. <strong>Brug af hjemmesiden<\/strong>Brugen af hjemmesiden er udelukkende brugerens ansvar. Virksomheden garanterer ikke uafbrudt eller fejlfri tilg\u00e6ngelighed af hjemmesiden eller n\u00f8jagtigheden, fuldst\u00e6ndigheden eller egnetheden af dens indhold.<\/p><p>4.2. <strong>Links til tredjeparter<\/strong>Hjemmesiden kan indeholde links til tredjeparts hjemmesider. Virksomheden er ikke ansvarlig for indholdet eller fortrolighedspraksis p\u00e5 disse websteder, og din adgang til dem er underlagt deres egne vilk\u00e5r og betingelser.<\/p><p><strong>5. Privatliv og databeskyttelse<\/strong><\/p><p>Virksomhedens indsamling og brug af persondata er reguleret af vores <span style=\"text-decoration: underline;\"><a href=\"https:\/\/portademar.com\/da\/politica-privacidad\/\">[Privatlivspolitik] [Privatlivspolitik<\/a><\/span>. Ved at bruge hjemmesiden accepterer du vores privatlivspolitik.<\/p><p><strong>6. G\u00e6ldende lov og jurisdiktion<\/strong><\/p><p>Disse vilk\u00e5r og betingelser er underlagt spansk lov. Enhver tvist, der opst\u00e5r i forbindelse med hjemmesiden eller disse vilk\u00e5r, skal underkastes den eksklusive jurisdiktion for domstolene i byen Oropesa.<\/p><p><strong>7. Kontakt<\/strong><\/p><p>Hvis du har sp\u00f8rgsm\u00e5l eller kommentarer til denne juridiske meddelelse, bedes du kontakte os p\u00e5 f\u00f8lgende e-mailadresse: info@portademar.com.<\/p>\t\t\t\t\t\t\t\t<\/div>\n\t\t\t\t<\/div>\n\t\t\t\t\t<\/div>\n\t\t<\/div>\n\t\t\t\t\t<\/div>\n\t\t<\/section>\n\t\t\t\t<\/div>","protected":false},"excerpt":{"rendered":"<p>\u00a0 Juridisk meddelelse Sidst opdateret: 23.07.24 1. Juridiske oplysninger Denne juridiske meddelelse regulerer brugen af Porta De Mars hjemmeside https:\/\/portademar.com\/es (i det f\u00f8lgende ben\u00e6vnt \"hjemmesiden\") (i det f\u00f8lgende ben\u00e6vnt \"virksomheden\"). Virksomhedens kontaktoplysninger er som f\u00f8lger: Forum properties KRG sl, B70888052 Partida Santa Quiteria 840, 12550, Castell\u00f3n Firmanavn: [...]<\/p>","protected":false},"author":5,"featured_media":0,"parent":0,"menu_order":0,"comment_status":"closed","ping_status":"closed","template":"","meta":{"footnotes":""},"class_list":["post-9551","page","type-page","status-publish","hentry"],"_links":{"self":[{"href":"https:\/\/portademar.com\/da\/wp-json\/wp\/v2\/pages\/9551","targetHints":{"allow":["GET"]}}],"collection":[{"href":"https:\/\/portademar.com\/da\/wp-json\/wp\/v2\/pages"}],"about":[{"href":"https:\/\/portademar.com\/da\/wp-json\/wp\/v2\/types\/page"}],"author":[{"embeddable":true,"href":"https:\/\/portademar.com\/da\/wp-json\/wp\/v2\/users\/5"}],"replies":[{"embeddable":true,"href":"https:\/\/portademar.com\/da\/wp-json\/wp\/v2\/comments?post=9551"}],"version-history":[{"count":25,"href":"https:\/\/portademar.com\/da\/wp-json\/wp\/v2\/pages\/9551\/revisions"}],"predecessor-version":[{"id":10841,"href":"https:\/\/portademar.com\/da\/wp-json\/wp\/v2\/pages\/9551\/revisions\/10841"}],"wp:attachment":[{"href":"https:\/\/portademar.com\/da\/wp-json\/wp\/v2\/media?parent=9551"}],"curies":[{"name":"wp","href":"https:\/\/api.w.org\/{rel}","templated":true}]}}