{"id":10855,"date":"2024-07-29T13:25:40","date_gmt":"2024-07-29T11:25:40","guid":{"rendered":"https:\/\/portademar.com\/?page_id=10855"},"modified":"2024-07-30T08:27:03","modified_gmt":"2024-07-30T06:27:03","slug":"gracias-por-contactar-eu","status":"publish","type":"page","link":"https:\/\/portademar.com\/de\/gracias-por-contactar-eu\/","title":{"rendered":"Vielen Dank f\u00fcr Ihre Kontaktaufnahme - eu"},"content":{"rendered":"<div data-elementor-type=\"wp-page\" data-elementor-id=\"10855\" class=\"elementor elementor-10855\" data-elementor-post-type=\"page\">\n\t\t\t\t<div class=\"elementor-element elementor-element-7e5a614 e-con-full e-flex e-con e-parent\" data-id=\"7e5a614\" data-element_type=\"container\" data-settings=\"{&quot;background_background&quot;:&quot;classic&quot;}\">\n\t\t\t\t<div class=\"elementor-element elementor-element-8f1a94d elementor-widget elementor-widget-heading\" data-id=\"8f1a94d\" data-element_type=\"widget\" data-widget_type=\"heading.default\">\n\t\t\t\t<div class=\"elementor-widget-container\">\n\t\t\t\t\t<h2 class=\"elementor-heading-title elementor-size-default\">Vielen Dank, dass Sie uns kontaktiert haben!\n\n\n\n\n\n<\/h2>\t\t\t\t<\/div>\n\t\t\t\t<\/div>\n\t\t\t\t<\/div>\n\t\t<div class=\"elementor-element elementor-element-61d1323 e-flex e-con-boxed e-con e-parent\" data-id=\"61d1323\" data-element_type=\"container\" data-settings=\"{&quot;background_background&quot;:&quot;classic&quot;}\">\n\t\t\t\t\t<div class=\"e-con-inner\">\n\t\t\t\t<div class=\"elementor-element elementor-element-ccb0ef7 elementor-widget elementor-widget-image\" data-id=\"ccb0ef7\" data-element_type=\"widget\" data-widget_type=\"image.default\">\n\t\t\t\t<div class=\"elementor-widget-container\">\n\t\t\t\t\t\t\t\t\t\t\t\t\t\t\t<img decoding=\"async\" width=\"28\" height=\"18\" src=\"https:\/\/portademar.com\/wp-content\/uploads\/2023\/07\/3-BANDAS.svg\" class=\"attachment-large size-large wp-image-7967\" alt=\"\" \/>\t\t\t\t\t\t\t\t\t\t\t\t\t\t\t<\/div>\n\t\t\t\t<\/div>\n\t\t\t\t<div class=\"elementor-element elementor-element-aec8683 elementor-widget elementor-widget-text-editor\" data-id=\"aec8683\" data-element_type=\"widget\" data-widget_type=\"text-editor.default\">\n\t\t\t\t<div class=\"elementor-widget-container\">\n\t\t\t\t\t\t\t\t\t<p><br \/>Wir werden uns so schnell wie m\u00f6glich mit Ihnen in Verbindung setzen. Sollten Sie weitere Fragen haben, z\u00f6gern Sie bitte nicht, uns \u00fcber unser Mobiltelefon zu kontaktieren.<\/p>\t\t\t\t\t\t\t\t<\/div>\n\t\t\t\t<\/div>\n\t\t\t\t<div class=\"elementor-element elementor-element-6ff6eb2 elementor-widget elementor-widget-button\" data-id=\"6ff6eb2\" data-element_type=\"widget\" data-widget_type=\"button.default\">\n\t\t\t\t<div class=\"elementor-widget-container\">\n\t\t\t\t\t\t\t\t\t<div class=\"elementor-button-wrapper\">\n\t\t\t\t\t<a class=\"elementor-button elementor-button-link elementor-size-sm\" href=\"http:\/\/wa.me\/+34634015403\">\n\t\t\t\t\t\t<span class=\"elementor-button-content-wrapper\">\n\t\t\t\t\t\t<span class=\"elementor-button-icon\">\n\t\t\t\t<i aria-hidden=\"true\" class=\"fab fa-whatsapp\"><\/i>\t\t\t<\/span>\n\t\t\t\t\t\t\t\t\t<span class=\"elementor-button-text\">634 015 403<\/span>\n\t\t\t\t\t<\/span>\n\t\t\t\t\t<\/a>\n\t\t\t\t<\/div>\n\t\t\t\t\t\t\t\t<\/div>\n\t\t\t\t<\/div>\n\t\t\t\t\t<\/div>\n\t\t\t\t<\/div>\n\t\t\t\t<\/div>","protected":false},"excerpt":{"rendered":"<p>Vielen Dank, dass Sie uns kontaktiert haben! Wir werden uns so schnell wie m\u00f6glich mit Ihnen in Verbindung setzen. Sollten Sie weitere Fragen haben, z\u00f6gern Sie bitte nicht, uns \u00fcber unser Mobiltelefon zu kontaktieren. 634 015 403<\/p>","protected":false},"author":7,"featured_media":0,"parent":0,"menu_order":0,"comment_status":"closed","ping_status":"closed","template":"","meta":{"footnotes":""},"class_list":["post-10855","page","type-page","status-publish","hentry"],"_links":{"self":[{"href":"https:\/\/portademar.com\/de\/wp-json\/wp\/v2\/pages\/10855","targetHints":{"allow":["GET"]}}],"collection":[{"href":"https:\/\/portademar.com\/de\/wp-json\/wp\/v2\/pages"}],"about":[{"href":"https:\/\/portademar.com\/de\/wp-json\/wp\/v2\/types\/page"}],"author":[{"embeddable":true,"href":"https:\/\/portademar.com\/de\/wp-json\/wp\/v2\/users\/7"}],"replies":[{"embeddable":true,"href":"https:\/\/portademar.com\/de\/wp-json\/wp\/v2\/comments?post=10855"}],"version-history":[{"count":94,"href":"https:\/\/portademar.com\/de\/wp-json\/wp\/v2\/pages\/10855\/revisions"}],"predecessor-version":[{"id":10954,"href":"https:\/\/portademar.com\/de\/wp-json\/wp\/v2\/pages\/10855\/revisions\/10954"}],"wp:attachment":[{"href":"https:\/\/portademar.com\/de\/wp-json\/wp\/v2\/media?parent=10855"}],"curies":[{"name":"wp","href":"https:\/\/api.w.org\/{rel}","templated":true}]}}