{"id":9550,"date":"2023-09-27T13:43:21","date_gmt":"2023-09-27T11:43:21","guid":{"rendered":"https:\/\/portademar.com\/?page_id=9550"},"modified":"2023-09-27T13:50:12","modified_gmt":"2023-09-27T11:50:12","slug":"politica-privacidad","status":"publish","type":"page","link":"https:\/\/portademar.com\/de\/politica-privacidad\/","title":{"rendered":"Datenschutzbestimmungen"},"content":{"rendered":"<div data-elementor-type=\"wp-page\" data-elementor-id=\"9550\" class=\"elementor elementor-9550\" data-elementor-post-type=\"page\">\n\t\t\t\t<div class=\"elementor-element elementor-element-25f193a e-flex e-con-boxed e-con e-parent\" data-id=\"25f193a\" data-element_type=\"container\" data-settings=\"{&quot;background_background&quot;:&quot;classic&quot;}\">\n\t\t\t\t\t<div class=\"e-con-inner\">\n\t\t\t\t\t<\/div>\n\t\t\t\t<\/div>\n\t\t<div class=\"elementor-element elementor-element-e2dd7a1 e-flex e-con-boxed e-con e-parent\" data-id=\"e2dd7a1\" data-element_type=\"container\">\n\t\t\t\t\t<div class=\"e-con-inner\">\n\t\t\t\t<div class=\"elementor-element elementor-element-ab8d3fb elementor-widget elementor-widget-heading\" data-id=\"ab8d3fb\" data-element_type=\"widget\" data-widget_type=\"heading.default\">\n\t\t\t\t<div class=\"elementor-widget-container\">\n\t\t\t\t\t<h1 class=\"elementor-heading-title elementor-size-default\">Datenschutzbestimmungen<\/h1>\t\t\t\t<\/div>\n\t\t\t\t<\/div>\n\t\t\t\t<div class=\"elementor-element elementor-element-e0591a7 elementor-widget elementor-widget-heading\" data-id=\"e0591a7\" data-element_type=\"widget\" data-widget_type=\"heading.default\">\n\t\t\t\t<div class=\"elementor-widget-container\">\n\t\t\t\t\t<h2 class=\"elementor-heading-title elementor-size-default\">Porta De Mar<\/h2>\t\t\t\t<\/div>\n\t\t\t\t<\/div>\n\t\t\t\t\t<\/div>\n\t\t\t\t<\/div>\n\t\t\t\t<section class=\"elementor-section elementor-top-section elementor-element elementor-element-13508294 elementor-section-boxed elementor-section-height-default elementor-section-height-default\" data-id=\"13508294\" data-element_type=\"section\">\n\t\t\t\t\t\t<div class=\"elementor-container elementor-column-gap-default\">\n\t\t\t\t\t<div class=\"elementor-column elementor-col-100 elementor-top-column elementor-element elementor-element-4b7b4f53\" data-id=\"4b7b4f53\" data-element_type=\"column\">\n\t\t\t<div class=\"elementor-widget-wrap elementor-element-populated\">\n\t\t\t\t\t\t<div class=\"elementor-element elementor-element-aa9706d elementor-widget elementor-widget-text-editor\" data-id=\"aa9706d\" data-element_type=\"widget\" data-widget_type=\"text-editor.default\">\n\t\t\t\t<div class=\"elementor-widget-container\">\n\t\t\t\t\t\t\t\t\t<p>Zuletzt aktualisiert: 27\/09\/23<\/p><p>Porta De Mar (\"wir\", \"uns\", \"unser\" oder \"das Unternehmen\") verpflichtet sich, Ihre Privatsph\u00e4re und Ihre pers\u00f6nlichen Daten zu sch\u00fctzen. In dieser Datenschutzerkl\u00e4rung wird erl\u00e4utert, wie wir Ihre personenbezogenen Daten sammeln, verwenden und weitergeben, wenn Sie unsere Website besuchen. <a href=\"https:\/\/portademar.com\/de\/\" target=\"_new\">https:\/\/portademar.com\/es<\/a> (\"Website\"). Sie beschreibt auch Ihre Rechte und Wahlm\u00f6glichkeiten in Bezug auf Ihre pers\u00f6nlichen Daten. Durch die Nutzung unserer Website erkl\u00e4ren Sie sich mit den in dieser Datenschutzerkl\u00e4rung beschriebenen Praktiken einverstanden.<\/p><p><strong>1. von uns gesammelte Informationen<\/strong><\/p><p>Wenn Sie unsere Website besuchen, erfassen wir bestimmte personenbezogene Daten von Ihnen, zu denen unter anderem geh\u00f6ren k\u00f6nnen:<\/p><p>1.1. <strong>Kontaktinformationen<\/strong>Dazu k\u00f6nnen Ihr Name, Ihre E-Mail-Adresse und Ihre Telefonnummer geh\u00f6ren, die Sie uns mitteilen, wenn Sie mit uns \u00fcber die Website oder die bereitgestellte E-Mail kommunizieren.<\/p><p>1.2. <strong>Daten zur Navigation<\/strong>Wir sammeln Informationen \u00fcber Ihr Ger\u00e4t und Ihre Browsing-Aktivit\u00e4ten auf unserer Website, einschlie\u00dflich IP-Adresse, Browsertyp, Datum und Uhrzeit des Zugriffs, besuchte Seiten und andere Nutzungsmetriken.<\/p><p>1.3. <strong>Cookies und \u00e4hnliche Technologien<\/strong>Wir verwenden Cookies und \u00e4hnliche Technologien, um Informationen \u00fcber Ihre Interaktion mit der Website zu sammeln. Mehr dar\u00fcber, wie wir Cookies verwenden, finden Sie auf unserer <span style=\"text-decoration: underline;\"><a href=\"https:\/\/portademar.com\/de\/politica-de-cookies-ue\/\">[Cookie-Richtlinie]<\/a><\/span><\/p><p><strong>2. Verwendung von Informationen<\/strong><\/p><p>Wir verwenden die von uns gesammelten Informationen, um:<\/p><p>2.1 Bereitstellung und Pflege der Website und ihrer Funktionalit\u00e4ten.<\/p><p>2.2. auf Ihre Fragen und W\u00fcnsche zu reagieren.<\/p><p>2.3. um Ihnen Mitteilungen \u00fcber unsere Dienstleistungen und Werbeaktionen zukommen zu lassen, wenn Sie dem zugestimmt haben.<\/p><p>2.4. Ihre Erfahrungen auf der Website zu verbessern und zu personalisieren.<\/p><p>2.5. Erf\u00fcllung unserer rechtlichen und regulatorischen Verpflichtungen.<\/p><p><strong>3. Informationsaustausch<\/strong><\/p><p>Wir geben Ihre personenbezogenen Daten nicht an Dritte weiter, es sei denn, es liegen die folgenden Umst\u00e4nde vor:<\/p><p>3.1 Wenn wir Ihre ausdr\u00fcckliche Zustimmung haben.<\/p><p>3.2 Wenn dies erforderlich ist, um Ihnen die von Ihnen gew\u00fcnschten Dienstleistungen zu erbringen.<\/p><p>3.3 Zur Erf\u00fcllung gesetzlicher und beh\u00f6rdlicher Verpflichtungen.<\/p><p><strong>4. Datensicherheit<\/strong><\/p><p>Wir ergreifen angemessene Ma\u00dfnahmen, um Ihre pers\u00f6nlichen Daten zu sch\u00fctzen und ihre Vertraulichkeit zu wahren. Bitte beachten Sie jedoch, dass keine Daten\u00fcbertragung \u00fcber das Internet v\u00f6llig sicher ist und wir die Sicherheit der von Ihnen mitgeteilten Informationen nicht garantieren k\u00f6nnen.<\/p><p><strong>5. Deine Rechte<\/strong><\/p><p>Sie haben bestimmte Rechte in Bezug auf Ihre personenbezogenen Daten, darunter das Recht auf Zugang, Berichtigung, L\u00f6schung, Einschr\u00e4nkung und \u00dcbertragbarkeit Ihrer Daten. Um diese Rechte auszu\u00fcben, wenden Sie sich bitte an die folgende E-Mail-Adresse: info@portademar.com<\/p><p><strong>6. \u00c4nderungen an dieser Datenschutzrichtlinie<\/strong><\/p><p>Wir behalten uns das Recht vor, diese Datenschutzrichtlinie jederzeit zu aktualisieren. Alle \u00c4nderungen treten zu dem am Anfang dieser Richtlinie angegebenen Datum in Kraft. Wir empfehlen Ihnen, diese Datenschutzrichtlinie regelm\u00e4\u00dfig zu \u00fcberpr\u00fcfen, um sich \u00fcber etwaige \u00c4nderungen zu informieren.<\/p><p><strong>7. Kontakt<\/strong><\/p><p>Wenn Sie Fragen oder Bedenken bez\u00fcglich dieser Datenschutzrichtlinie oder der Verarbeitung Ihrer pers\u00f6nlichen Daten haben, wenden Sie sich bitte an folgende E-Mail-Adresse: info@portademar.com.<\/p>\t\t\t\t\t\t\t\t<\/div>\n\t\t\t\t<\/div>\n\t\t\t\t\t<\/div>\n\t\t<\/div>\n\t\t\t\t\t<\/div>\n\t\t<\/section>\n\t\t\t\t<\/div>","protected":false},"excerpt":{"rendered":"<p>Porta De Mar Datenschutzerkl\u00e4rung Letzte Aktualisierung: 27\/09\/23 Porta De Mar (\"wir\", \"uns\", \"unser\" oder \"das Unternehmen\") verpflichtet sich zum Schutz Ihrer Privatsph\u00e4re und Ihrer pers\u00f6nlichen Daten. In dieser Datenschutzrichtlinie wird erl\u00e4utert, wie wir Ihre pers\u00f6nlichen Daten sammeln, verwenden und weitergeben, wenn Sie unsere Website http:\/\/uzrydtk.cluster028.hosting.ovh.net\/es (\"Website\") besuchen. Sie beschreibt auch Ihre Rechte und M\u00f6glichkeiten mit [...]<\/p>","protected":false},"author":5,"featured_media":0,"parent":0,"menu_order":0,"comment_status":"closed","ping_status":"closed","template":"","meta":{"footnotes":""},"class_list":["post-9550","page","type-page","status-publish","hentry"],"_links":{"self":[{"href":"https:\/\/portademar.com\/de\/wp-json\/wp\/v2\/pages\/9550","targetHints":{"allow":["GET"]}}],"collection":[{"href":"https:\/\/portademar.com\/de\/wp-json\/wp\/v2\/pages"}],"about":[{"href":"https:\/\/portademar.com\/de\/wp-json\/wp\/v2\/types\/page"}],"author":[{"embeddable":true,"href":"https:\/\/portademar.com\/de\/wp-json\/wp\/v2\/users\/5"}],"replies":[{"embeddable":true,"href":"https:\/\/portademar.com\/de\/wp-json\/wp\/v2\/comments?post=9550"}],"version-history":[{"count":7,"href":"https:\/\/portademar.com\/de\/wp-json\/wp\/v2\/pages\/9550\/revisions"}],"predecessor-version":[{"id":9559,"href":"https:\/\/portademar.com\/de\/wp-json\/wp\/v2\/pages\/9550\/revisions\/9559"}],"wp:attachment":[{"href":"https:\/\/portademar.com\/de\/wp-json\/wp\/v2\/media?parent=9550"}],"curies":[{"name":"wp","href":"https:\/\/api.w.org\/{rel}","templated":true}]}}