{"id":9551,"date":"2023-09-27T13:43:41","date_gmt":"2023-09-27T11:43:41","guid":{"rendered":"https:\/\/portademar.com\/?page_id=9551"},"modified":"2024-07-23T20:37:17","modified_gmt":"2024-07-23T18:37:17","slug":"aviso-legal","status":"publish","type":"page","link":"https:\/\/portademar.com\/de\/aviso-legal\/","title":{"rendered":"Rechtlicher Hinweis"},"content":{"rendered":"<div data-elementor-type=\"wp-page\" data-elementor-id=\"9551\" class=\"elementor elementor-9551\" data-elementor-post-type=\"page\">\n\t\t\t\t<div class=\"elementor-element elementor-element-25f193a e-flex e-con-boxed e-con e-parent\" data-id=\"25f193a\" data-element_type=\"container\" data-settings=\"{&quot;background_background&quot;:&quot;classic&quot;}\">\n\t\t\t\t\t<div class=\"e-con-inner\">\n\t\t\t\t\t<\/div>\n\t\t\t\t<\/div>\n\t\t\t\t<section class=\"elementor-section elementor-top-section elementor-element elementor-element-13508294 elementor-section-boxed elementor-section-height-default elementor-section-height-default\" data-id=\"13508294\" data-element_type=\"section\">\n\t\t\t\t\t\t<div class=\"elementor-container elementor-column-gap-default\">\n\t\t\t\t\t<div class=\"elementor-column elementor-col-100 elementor-top-column elementor-element elementor-element-4b7b4f53\" data-id=\"4b7b4f53\" data-element_type=\"column\">\n\t\t\t<div class=\"elementor-widget-wrap elementor-element-populated\">\n\t\t\t\t\t\t<div class=\"elementor-element elementor-element-5038fdc elementor-widget elementor-widget-text-editor\" data-id=\"5038fdc\" data-element_type=\"widget\" data-widget_type=\"text-editor.default\">\n\t\t\t\t<div class=\"elementor-widget-container\">\n\t\t\t\t\t\t\t\t\t<p>\u00a0<\/p><h5><b>Rechtlicher Hinweis<\/b><\/h5><p>Letzte Aktualisierung: 23.07.24<\/p><p><strong>1. rechtliche Informationen<\/strong><\/p><p>Dieser rechtliche Hinweis regelt die Nutzung der Website <a href=\"https:\/\/portademar.com\/de\/\" target=\"_new\">https:\/\/portademar.com\/es<\/a> (nachstehend \"die Website\") von Porta De Mar (nachstehend \"das Unternehmen\"). Die Kontaktdaten des Unternehmens lauten wie folgt:<\/p><ul><li>Forum Immobilien KRG sl, B70888052<\/li><li>Partida Santa Quiteria 840, 12550, Castell\u00f3n<\/li><li>Handelsname: Porta De Mar<\/li><li>Anschrift: Plaza Illes Balears, n\u00ba1 - Local 2, 12594, Oropesa<\/li><li>E-Mail: info@portademar.com<\/li><li>Telefonnummer: +34 691 40 00 00 07<\/li><\/ul><p><strong>2. Bedingungen f\u00fcr die Nutzung<\/strong><\/p><p>Der Zugang zu und die Nutzung der Website unterliegen den folgenden Bedingungen:<\/p><p>2.1. <strong>Akzeptanz der Bedingungen<\/strong>Durch den Zugriff auf die Website und deren Nutzung akzeptieren Sie diese Bedingungen vollst\u00e4ndig und vorbehaltlos.<\/p><p>2.2. <strong>Zugelassene Verwendung<\/strong>Sie verpflichten sich, die Website in \u00dcbereinstimmung mit den geltenden Gesetzen und Vorschriften und in einer Weise zu nutzen, die nicht die Rechte Dritter verletzt oder den normalen Betrieb der Website beeintr\u00e4chtigt.<\/p><p>2.3. <strong>\u00c4nderungen<\/strong>Das Unternehmen beh\u00e4lt sich das Recht vor, den Inhalt der Website sowie die vorliegenden Allgemeinen Gesch\u00e4ftsbedingungen jederzeit und ohne vorherige Ank\u00fcndigung zu \u00e4ndern oder zu aktualisieren.<\/p><p><strong>3. Geistiges Eigentum<\/strong><\/p><p>3.1. <strong>Urheberrecht<\/strong>Alle Inhalte der Website, einschlie\u00dflich, aber nicht beschr\u00e4nkt auf, Texte, Bilder, Grafiken, Logos, Designs und Software, sind durch das Urheberrecht und andere geistige Eigentumsrechte des Unternehmens oder lizenzierter Dritter gesch\u00fctzt.<\/p><p>3.2. <strong>Eingeschr\u00e4nkte Nutzung<\/strong>Die Vervielf\u00e4ltigung, Verbreitung, Ver\u00e4nderung oder sonstige Nutzung des Inhalts der Website ist ohne vorherige schriftliche Zustimmung des Unternehmens untersagt.<\/p><p><strong>4. Begrenzung der Haftung<\/strong><\/p><p>4.1. <strong>Nutzung der Website<\/strong>Die Nutzung der Website liegt in der alleinigen Verantwortung des Nutzers. Das Unternehmen \u00fcbernimmt keine Garantie f\u00fcr die ununterbrochene oder fehlerfreie Verf\u00fcgbarkeit der Website oder f\u00fcr die Richtigkeit, Vollst\u00e4ndigkeit oder Eignung ihres Inhalts.<\/p><p>4.2. <strong>Links zu Drittparteien<\/strong>Die Website kann Links zu Websites von Dritten enthalten. Das Unternehmen ist nicht f\u00fcr den Inhalt oder die Datenschutzpraktiken dieser Websites verantwortlich, und Ihr Zugang zu diesen Websites unterliegt deren eigenen Bedingungen und Konditionen.<\/p><p><strong>5. Privatsph\u00e4re und Datenschutz<\/strong><\/p><p>Die Erhebung und Verwendung personenbezogener Daten durch das Unternehmen unterliegt den Bestimmungen unserer <span style=\"text-decoration: underline;\"><a href=\"https:\/\/portademar.com\/de\/politica-privacidad\/\">[Datenschutz] [Datenschutz<\/a><\/span>. Durch die Nutzung der Website erkl\u00e4ren Sie sich mit unserer Datenschutzrichtlinie einverstanden.<\/p><p><strong>6. Anwendbares Recht und Gerichtsbarkeit<\/strong><\/p><p>Diese Allgemeinen Gesch\u00e4ftsbedingungen unterliegen spanischem Recht. Alle Streitigkeiten, die im Zusammenhang mit der Website oder diesen Bedingungen entstehen, unterliegen der ausschlie\u00dflichen Zust\u00e4ndigkeit der Gerichte der Stadt Oropesa.<\/p><p><strong>7. Kontakt<\/strong><\/p><p>Wenn Sie Fragen oder Anmerkungen zu diesen rechtlichen Hinweisen haben, wenden Sie sich bitte an die folgende E-Mail-Adresse: info@portademar.com.<\/p>\t\t\t\t\t\t\t\t<\/div>\n\t\t\t\t<\/div>\n\t\t\t\t\t<\/div>\n\t\t<\/div>\n\t\t\t\t\t<\/div>\n\t\t<\/section>\n\t\t\t\t<\/div>","protected":false},"excerpt":{"rendered":"<p>\u00a0 Rechtliche Hinweise Letzte Aktualisierung: 23.07.24 1. Rechtliche Hinweise Diese rechtlichen Hinweise regeln die Nutzung der Website https:\/\/portademar.com\/es (im Folgenden \"die Website\" genannt) von Porta De Mar (im Folgenden \"das Unternehmen\" genannt). Die Kontaktdaten des Unternehmens lauten wie folgt: Forum properties KRG sl, B70888052 Partida Santa Quiteria 840, 12550, Castell\u00f3n Gesch\u00e4ftsname: [...]<\/p>","protected":false},"author":5,"featured_media":0,"parent":0,"menu_order":0,"comment_status":"closed","ping_status":"closed","template":"","meta":{"footnotes":""},"class_list":["post-9551","page","type-page","status-publish","hentry"],"_links":{"self":[{"href":"https:\/\/portademar.com\/de\/wp-json\/wp\/v2\/pages\/9551","targetHints":{"allow":["GET"]}}],"collection":[{"href":"https:\/\/portademar.com\/de\/wp-json\/wp\/v2\/pages"}],"about":[{"href":"https:\/\/portademar.com\/de\/wp-json\/wp\/v2\/types\/page"}],"author":[{"embeddable":true,"href":"https:\/\/portademar.com\/de\/wp-json\/wp\/v2\/users\/5"}],"replies":[{"embeddable":true,"href":"https:\/\/portademar.com\/de\/wp-json\/wp\/v2\/comments?post=9551"}],"version-history":[{"count":25,"href":"https:\/\/portademar.com\/de\/wp-json\/wp\/v2\/pages\/9551\/revisions"}],"predecessor-version":[{"id":10841,"href":"https:\/\/portademar.com\/de\/wp-json\/wp\/v2\/pages\/9551\/revisions\/10841"}],"wp:attachment":[{"href":"https:\/\/portademar.com\/de\/wp-json\/wp\/v2\/media?parent=9551"}],"curies":[{"name":"wp","href":"https:\/\/api.w.org\/{rel}","templated":true}]}}