{"id":9551,"date":"2023-09-27T13:43:41","date_gmt":"2023-09-27T11:43:41","guid":{"rendered":"https:\/\/portademar.com\/?page_id=9551"},"modified":"2024-07-23T20:37:17","modified_gmt":"2024-07-23T18:37:17","slug":"aviso-legal","status":"publish","type":"page","link":"https:\/\/portademar.com\/es\/aviso-legal\/","title":{"rendered":"Aviso Legal"},"content":{"rendered":"\t\t<div data-elementor-type=\"wp-page\" data-elementor-id=\"9551\" class=\"elementor elementor-9551\" data-elementor-post-type=\"page\">\n\t\t\t\t<div class=\"elementor-element elementor-element-25f193a e-flex e-con-boxed e-con e-parent\" data-id=\"25f193a\" data-element_type=\"container\" data-settings=\"{&quot;background_background&quot;:&quot;classic&quot;}\">\n\t\t\t\t\t<div class=\"e-con-inner\">\n\t\t\t\t\t<\/div>\n\t\t\t\t<\/div>\n\t\t\t\t<section class=\"elementor-section elementor-top-section elementor-element elementor-element-13508294 elementor-section-boxed elementor-section-height-default elementor-section-height-default\" data-id=\"13508294\" data-element_type=\"section\">\n\t\t\t\t\t\t<div class=\"elementor-container elementor-column-gap-default\">\n\t\t\t\t\t<div class=\"elementor-column elementor-col-100 elementor-top-column elementor-element elementor-element-4b7b4f53\" data-id=\"4b7b4f53\" data-element_type=\"column\">\n\t\t\t<div class=\"elementor-widget-wrap elementor-element-populated\">\n\t\t\t\t\t\t<div class=\"elementor-element elementor-element-5038fdc elementor-widget elementor-widget-text-editor\" data-id=\"5038fdc\" data-element_type=\"widget\" data-widget_type=\"text-editor.default\">\n\t\t\t\t<div class=\"elementor-widget-container\">\n\t\t\t\t\t\t\t\t\t<p>\u00a0<\/p><h5><b>Aviso Legal<\/b><\/h5><p>\u00daltima actualizaci\u00f3n: 23.07.24<\/p><p><strong>1. Informaci\u00f3n Legal<\/strong><\/p><p>Este Aviso Legal regula el uso del sitio web <a href=\"https:\/\/portademar.com\/es\" target=\"_new\">https:\/\/portademar.com\/es<\/a> (en adelante, \u00abel Sitio web\u00bb) de Porta De Mar (en adelante, \u00abla Empresa\u00bb). Los datos de contacto de la Empresa son los siguientes:<\/p><ul><li>Forum properties KRG sl, B70888052<\/li><li>Partida Santa Quiteria 840, 12550, Castell\u00f3n<\/li><li>Nombre comercial: Porta De Mar<\/li><li>Direcci\u00f3n: Plaza Illes Balears, n\u00ba1 \u2013 Local 2, 12594, Oropesa<\/li><li>Correo electr\u00f3nico: info@portademar.com<\/li><li>N\u00famero de tel\u00e9fono: +34 691 40 00 07<\/li><\/ul><p><strong>2. Condiciones de Uso<\/strong><\/p><p>El acceso y uso del Sitio web est\u00e1n sujetos a las siguientes condiciones:<\/p><p>2.1. <strong>Aceptaci\u00f3n de T\u00e9rminos<\/strong>: Al acceder y utilizar el Sitio web, usted acepta plenamente y sin reservas estos T\u00e9rminos y Condiciones.<\/p><p>2.2. <strong>Uso Autorizado<\/strong>: Usted se compromete a utilizar el Sitio web de conformidad con las leyes y regulaciones aplicables y de manera que no infrinja los derechos de terceros ni interfiera con el funcionamiento normal del Sitio web.<\/p><p>2.3. <strong>Modificaciones<\/strong>: La Empresa se reserva el derecho de modificar o actualizar el contenido del Sitio web, as\u00ed como estos T\u00e9rminos y Condiciones, en cualquier momento sin previo aviso.<\/p><p><strong>3. Propiedad Intelectual<\/strong><\/p><p>3.1. <strong>Derechos de Autor<\/strong>: Todos los contenidos del Sitio web, incluyendo, pero no limit\u00e1ndose a, textos, im\u00e1genes, gr\u00e1ficos, logotipos, dise\u00f1os y software, est\u00e1n protegidos por derechos de autor y otros derechos de propiedad intelectual de la Empresa o de terceros con licencia.<\/p><p>3.2. <strong>Uso Restringido<\/strong>: Queda prohibida la reproducci\u00f3n, distribuci\u00f3n, modificaci\u00f3n o cualquier otro uso de los contenidos del Sitio web sin el consentimiento previo y por escrito de la Empresa.<\/p><p><strong>4. Limitaci\u00f3n de Responsabilidad<\/strong><\/p><p>4.1. <strong>Uso del Sitio web<\/strong>: El uso del Sitio web es responsabilidad exclusiva del usuario. La Empresa no garantiza la disponibilidad ininterrumpida o libre de errores del Sitio web ni la exactitud, integridad o idoneidad de su contenido.<\/p><p>4.2. <strong>Enlaces a Terceros<\/strong>: El Sitio web puede incluir enlaces a sitios web de terceros. La Empresa no se hace responsable del contenido o las pr\u00e1cticas de privacidad de estos sitios y su acceso a ellos est\u00e1 sujeto a sus propios t\u00e9rminos y condiciones.<\/p><p><strong>5. Privacidad y Protecci\u00f3n de Datos<\/strong><\/p><p>La recopilaci\u00f3n y el uso de datos personales por parte de la Empresa se rigen por nuestra <span style=\"text-decoration: underline;\"><a href=\"https:\/\/portademar.com\/politica-privacidad\/\">[Pol\u00edtica de Privacidad]<\/a><\/span>. Al utilizar el Sitio web, usted acepta nuestra Pol\u00edtica de Privacidad.<\/p><p><strong>6. Ley Aplicable y Jurisdicci\u00f3n<\/strong><\/p><p>Estos T\u00e9rminos y Condiciones se rigen por la ley espa\u00f1ola. Cualquier disputa que surja en relaci\u00f3n con el Sitio web o estos t\u00e9rminos ser\u00e1 sometida a la jurisdicci\u00f3n exclusiva de los tribunales de la ciudad de Oropesa.<\/p><p><strong>7. Contacto<\/strong><\/p><p>Si tiene alguna pregunta o comentario sobre este Aviso Legal, por favor, p\u00f3ngase en contacto con nosotros a trav\u00e9s de la siguiente direcci\u00f3n de correo electr\u00f3nico: info@portademar.com.<\/p>\t\t\t\t\t\t\t\t<\/div>\n\t\t\t\t<\/div>\n\t\t\t\t\t<\/div>\n\t\t<\/div>\n\t\t\t\t\t<\/div>\n\t\t<\/section>\n\t\t\t\t<\/div>\n\t\t","protected":false},"excerpt":{"rendered":"<p>\u00a0 Aviso Legal \u00daltima actualizaci\u00f3n: 23.07.24 1. Informaci\u00f3n Legal Este Aviso Legal regula el uso del sitio web https:\/\/portademar.com\/es (en adelante, \u00abel Sitio web\u00bb) de Porta De Mar (en adelante, \u00abla Empresa\u00bb). Los datos de contacto de la Empresa son los siguientes: Forum properties KRG sl, B70888052 Partida Santa Quiteria 840, 12550, Castell\u00f3n Nombre comercial: [&hellip;]<\/p>\n","protected":false},"author":5,"featured_media":0,"parent":0,"menu_order":0,"comment_status":"closed","ping_status":"closed","template":"","meta":{"footnotes":""},"class_list":["post-9551","page","type-page","status-publish","hentry"],"_links":{"self":[{"href":"https:\/\/portademar.com\/es\/wp-json\/wp\/v2\/pages\/9551","targetHints":{"allow":["GET"]}}],"collection":[{"href":"https:\/\/portademar.com\/es\/wp-json\/wp\/v2\/pages"}],"about":[{"href":"https:\/\/portademar.com\/es\/wp-json\/wp\/v2\/types\/page"}],"author":[{"embeddable":true,"href":"https:\/\/portademar.com\/es\/wp-json\/wp\/v2\/users\/5"}],"replies":[{"embeddable":true,"href":"https:\/\/portademar.com\/es\/wp-json\/wp\/v2\/comments?post=9551"}],"version-history":[{"count":25,"href":"https:\/\/portademar.com\/es\/wp-json\/wp\/v2\/pages\/9551\/revisions"}],"predecessor-version":[{"id":10841,"href":"https:\/\/portademar.com\/es\/wp-json\/wp\/v2\/pages\/9551\/revisions\/10841"}],"wp:attachment":[{"href":"https:\/\/portademar.com\/es\/wp-json\/wp\/v2\/media?parent=9551"}],"curies":[{"name":"wp","href":"https:\/\/api.w.org\/{rel}","templated":true}]}}