{"id":9550,"date":"2023-09-27T13:43:21","date_gmt":"2023-09-27T11:43:21","guid":{"rendered":"https:\/\/portademar.com\/?page_id=9550"},"modified":"2023-09-27T13:50:12","modified_gmt":"2023-09-27T11:50:12","slug":"politica-privacidad","status":"publish","type":"page","link":"https:\/\/portademar.com\/fr\/politica-privacidad\/","title":{"rendered":"Politique de confidentialit\u00e9"},"content":{"rendered":"<div data-elementor-type=\"wp-page\" data-elementor-id=\"9550\" class=\"elementor elementor-9550\" data-elementor-post-type=\"page\">\n\t\t\t\t<div class=\"elementor-element elementor-element-25f193a e-flex e-con-boxed e-con e-parent\" data-id=\"25f193a\" data-element_type=\"container\" data-settings=\"{&quot;background_background&quot;:&quot;classic&quot;}\">\n\t\t\t\t\t<div class=\"e-con-inner\">\n\t\t\t\t\t<\/div>\n\t\t\t\t<\/div>\n\t\t<div class=\"elementor-element elementor-element-e2dd7a1 e-flex e-con-boxed e-con e-parent\" data-id=\"e2dd7a1\" data-element_type=\"container\">\n\t\t\t\t\t<div class=\"e-con-inner\">\n\t\t\t\t<div class=\"elementor-element elementor-element-ab8d3fb elementor-widget elementor-widget-heading\" data-id=\"ab8d3fb\" data-element_type=\"widget\" data-widget_type=\"heading.default\">\n\t\t\t\t<div class=\"elementor-widget-container\">\n\t\t\t\t\t<h1 class=\"elementor-heading-title elementor-size-default\">Politique de confidentialit\u00e9<\/h1>\t\t\t\t<\/div>\n\t\t\t\t<\/div>\n\t\t\t\t<div class=\"elementor-element elementor-element-e0591a7 elementor-widget elementor-widget-heading\" data-id=\"e0591a7\" data-element_type=\"widget\" data-widget_type=\"heading.default\">\n\t\t\t\t<div class=\"elementor-widget-container\">\n\t\t\t\t\t<h2 class=\"elementor-heading-title elementor-size-default\">Porta De Mar<\/h2>\t\t\t\t<\/div>\n\t\t\t\t<\/div>\n\t\t\t\t\t<\/div>\n\t\t\t\t<\/div>\n\t\t\t\t<section class=\"elementor-section elementor-top-section elementor-element elementor-element-13508294 elementor-section-boxed elementor-section-height-default elementor-section-height-default\" data-id=\"13508294\" data-element_type=\"section\">\n\t\t\t\t\t\t<div class=\"elementor-container elementor-column-gap-default\">\n\t\t\t\t\t<div class=\"elementor-column elementor-col-100 elementor-top-column elementor-element elementor-element-4b7b4f53\" data-id=\"4b7b4f53\" data-element_type=\"column\">\n\t\t\t<div class=\"elementor-widget-wrap elementor-element-populated\">\n\t\t\t\t\t\t<div class=\"elementor-element elementor-element-aa9706d elementor-widget elementor-widget-text-editor\" data-id=\"aa9706d\" data-element_type=\"widget\" data-widget_type=\"text-editor.default\">\n\t\t\t\t<div class=\"elementor-widget-container\">\n\t\t\t\t\t\t\t\t\t<p>Derni\u00e8re mise \u00e0 jour : 27\/09\/23<\/p><p>Porta De Mar (\"nous\", \"notre\", \"nos\" ou \"l'entreprise\") s'engage \u00e0 prot\u00e9ger votre vie priv\u00e9e et vos donn\u00e9es personnelles. La pr\u00e9sente politique de confidentialit\u00e9 explique comment nous recueillons, utilisons et partageons vos donn\u00e9es personnelles lorsque vous visitez notre site web. <a href=\"https:\/\/portademar.com\/fr\/\" target=\"_new\">https:\/\/portademar.com\/es<\/a> (\"site web\"). Elle d\u00e9crit \u00e9galement vos droits et vos choix concernant vos donn\u00e9es \u00e0 caract\u00e8re personnel. En utilisant notre site web, vous acceptez les pratiques d\u00e9crites dans la pr\u00e9sente politique de confidentialit\u00e9.<\/p><p><strong>1. les informations que nous recueillons<\/strong><\/p><p>Lorsque vous visitez notre site web, nous recueillons certaines informations personnelles vous concernant, qui peuvent inclure, mais ne sont pas limit\u00e9es \u00e0 :<\/p><p>1.1. <strong>Informations sur les contacts<\/strong>Il peut s'agir de votre nom, de votre adresse \u00e9lectronique et de votre num\u00e9ro de t\u00e9l\u00e9phone, que vous nous fournissez lorsque vous communiquez avec nous par l'interm\u00e9diaire du site web ou de l'adresse \u00e9lectronique fournie.<\/p><p>1.2. <strong>Donn\u00e9es de navigation<\/strong>Nous recueillons des informations sur votre appareil et votre activit\u00e9 de navigation sur notre site web, y compris l'adresse IP, le type de navigateur, la date et l'heure d'acc\u00e8s, les pages visit\u00e9es et d'autres param\u00e8tres d'utilisation.<\/p><p>1.3. <strong>Cookies et technologies similaires<\/strong>Nous utilisons des cookies et des technologies similaires pour collecter des informations sur votre interaction avec le site web. Vous pouvez en savoir plus sur la mani\u00e8re dont nous utilisons les cookies sur notre site web. <span style=\"text-decoration: underline;\"><a href=\"https:\/\/portademar.com\/fr\/politica-de-cookies-ue\/\">[Politique en mati\u00e8re de cookies]<\/a><\/span><\/p><p><strong>2. Utilisation des informations<\/strong><\/p><p>Nous utilisons les informations que nous recueillons pour :<\/p><p>2.1 Fournir et maintenir le site web et ses fonctionnalit\u00e9s.<\/p><p>2.2. r\u00e9pondre \u00e0 vos questions et \u00e0 vos demandes.<\/p><p>2.3. pour vous envoyer des communications relatives \u00e0 nos services et \u00e0 nos promotions, si vous avez consenti \u00e0 les recevoir.<\/p><p>2.4. am\u00e9liorer et personnaliser votre exp\u00e9rience sur le site web.<\/p><p>2.5. Respecter nos obligations l\u00e9gales et r\u00e9glementaires.<\/p><p><strong>3. Partage de l'information<\/strong><\/p><p>Nous ne partagerons pas vos donn\u00e9es personnelles avec des tiers, sauf dans les circonstances suivantes :<\/p><p>3.1 Lorsque nous avons votre consentement explicite.<\/p><p>3.2. lorsque cela est n\u00e9cessaire pour vous fournir les services que vous demandez.<\/p><p>3.3. se conformer aux obligations l\u00e9gales et r\u00e9glementaires.<\/p><p><strong>4. S\u00e9curit\u00e9 des donn\u00e9es<\/strong><\/p><p>Nous prenons des mesures raisonnables pour prot\u00e9ger vos donn\u00e9es personnelles et pr\u00e9server leur confidentialit\u00e9. Toutefois, veuillez noter qu'aucune transmission de donn\u00e9es sur Internet n'est totalement s\u00fbre et que nous ne pouvons pas garantir la s\u00e9curit\u00e9 des informations que vous partagez avec nous.<\/p><p><strong>5. Vos droits<\/strong><\/p><p>Vous disposez de certains droits sur vos donn\u00e9es personnelles, notamment le droit d'acc\u00e8s, de rectification, d'effacement, de limitation et de portabilit\u00e9 de vos donn\u00e9es. Pour exercer ces droits, veuillez nous contacter \u00e0 l'adresse \u00e9lectronique suivante : info@portademar.com<\/p><p><strong>6. Modifications de la pr\u00e9sente politique de protection de la vie priv\u00e9e<\/strong><\/p><p>Nous nous r\u00e9servons le droit de mettre \u00e0 jour la pr\u00e9sente politique de confidentialit\u00e9 \u00e0 tout moment. Toute modification entrera en vigueur \u00e0 la date d'entr\u00e9e en vigueur indiqu\u00e9e au d\u00e9but de la pr\u00e9sente politique. Nous vous encourageons \u00e0 consulter r\u00e9guli\u00e8rement la pr\u00e9sente politique de protection de la vie priv\u00e9e afin de prendre connaissance de toute modification.<\/p><p><strong>7. Contact<\/strong><\/p><p>Si vous avez des questions ou des pr\u00e9occupations concernant la pr\u00e9sente politique de confidentialit\u00e9 ou le traitement de vos donn\u00e9es personnelles, veuillez nous contacter \u00e0 l'adresse \u00e9lectronique suivante : info@portademar.com.<\/p>\t\t\t\t\t\t\t\t<\/div>\n\t\t\t\t<\/div>\n\t\t\t\t\t<\/div>\n\t\t<\/div>\n\t\t\t\t\t<\/div>\n\t\t<\/section>\n\t\t\t\t<\/div>","protected":false},"excerpt":{"rendered":"<p>Porta De Mar Politique de confidentialit\u00e9 Derni\u00e8re mise \u00e0 jour : 27\/09\/23 Porta De Mar (\"nous\", \"notre\", \"nos\" ou \"la Soci\u00e9t\u00e9\") s'engage \u00e0 prot\u00e9ger votre vie priv\u00e9e et vos donn\u00e9es personnelles. Cette politique de confidentialit\u00e9 explique comment nous collectons, utilisons et partageons vos donn\u00e9es personnelles lorsque vous visitez notre site web http:\/\/uzrydtk.cluster028.hosting.ovh.net\/es (\"Site web\"). Elle d\u00e9crit \u00e9galement vos droits et options avec [...]<\/p>","protected":false},"author":5,"featured_media":0,"parent":0,"menu_order":0,"comment_status":"closed","ping_status":"closed","template":"","meta":{"footnotes":""},"class_list":["post-9550","page","type-page","status-publish","hentry"],"_links":{"self":[{"href":"https:\/\/portademar.com\/fr\/wp-json\/wp\/v2\/pages\/9550","targetHints":{"allow":["GET"]}}],"collection":[{"href":"https:\/\/portademar.com\/fr\/wp-json\/wp\/v2\/pages"}],"about":[{"href":"https:\/\/portademar.com\/fr\/wp-json\/wp\/v2\/types\/page"}],"author":[{"embeddable":true,"href":"https:\/\/portademar.com\/fr\/wp-json\/wp\/v2\/users\/5"}],"replies":[{"embeddable":true,"href":"https:\/\/portademar.com\/fr\/wp-json\/wp\/v2\/comments?post=9550"}],"version-history":[{"count":7,"href":"https:\/\/portademar.com\/fr\/wp-json\/wp\/v2\/pages\/9550\/revisions"}],"predecessor-version":[{"id":9559,"href":"https:\/\/portademar.com\/fr\/wp-json\/wp\/v2\/pages\/9550\/revisions\/9559"}],"wp:attachment":[{"href":"https:\/\/portademar.com\/fr\/wp-json\/wp\/v2\/media?parent=9550"}],"curies":[{"name":"wp","href":"https:\/\/api.w.org\/{rel}","templated":true}]}}