{"id":9551,"date":"2023-09-27T13:43:41","date_gmt":"2023-09-27T11:43:41","guid":{"rendered":"https:\/\/portademar.com\/?page_id=9551"},"modified":"2024-07-23T20:37:17","modified_gmt":"2024-07-23T18:37:17","slug":"aviso-legal","status":"publish","type":"page","link":"https:\/\/portademar.com\/fr\/aviso-legal\/","title":{"rendered":"Avis juridique"},"content":{"rendered":"<div data-elementor-type=\"wp-page\" data-elementor-id=\"9551\" class=\"elementor elementor-9551\" data-elementor-post-type=\"page\">\n\t\t\t\t<div class=\"elementor-element elementor-element-25f193a e-flex e-con-boxed e-con e-parent\" data-id=\"25f193a\" data-element_type=\"container\" data-settings=\"{&quot;background_background&quot;:&quot;classic&quot;}\">\n\t\t\t\t\t<div class=\"e-con-inner\">\n\t\t\t\t\t<\/div>\n\t\t\t\t<\/div>\n\t\t\t\t<section class=\"elementor-section elementor-top-section elementor-element elementor-element-13508294 elementor-section-boxed elementor-section-height-default elementor-section-height-default\" data-id=\"13508294\" data-element_type=\"section\">\n\t\t\t\t\t\t<div class=\"elementor-container elementor-column-gap-default\">\n\t\t\t\t\t<div class=\"elementor-column elementor-col-100 elementor-top-column elementor-element elementor-element-4b7b4f53\" data-id=\"4b7b4f53\" data-element_type=\"column\">\n\t\t\t<div class=\"elementor-widget-wrap elementor-element-populated\">\n\t\t\t\t\t\t<div class=\"elementor-element elementor-element-5038fdc elementor-widget elementor-widget-text-editor\" data-id=\"5038fdc\" data-element_type=\"widget\" data-widget_type=\"text-editor.default\">\n\t\t\t\t<div class=\"elementor-widget-container\">\n\t\t\t\t\t\t\t\t\t<p>\u00a0<\/p><h5><b>Avis juridique<\/b><\/h5><p>Derni\u00e8re mise \u00e0 jour : 23.07.24<\/p><p><strong>1) Informations juridiques<\/strong><\/p><p>Le pr\u00e9sent avis juridique r\u00e9git l'utilisation du site web <a href=\"https:\/\/portademar.com\/fr\/\" target=\"_new\">https:\/\/portademar.com\/es<\/a> (ci-apr\u00e8s \"le site web\") de Porta De Mar (ci-apr\u00e8s \"la soci\u00e9t\u00e9\"). Les coordonn\u00e9es de la soci\u00e9t\u00e9 sont les suivantes :<\/p><ul><li>Propri\u00e9t\u00e9s du forum ARK sl, B70888052<\/li><li>Partida Santa Quiteria 840, 12550, Castell\u00f3n<\/li><li>Nom commercial : Porta De Mar<\/li><li>Adresse : Plaza Illes Balears, n\u00ba1 - Local 2, 12594, Oropesa<\/li><li>Courriel : info@portademar.com<\/li><li>Num\u00e9ro de t\u00e9l\u00e9phone : +34 691 40 00 07<\/li><\/ul><p><strong>2. Conditions d'utilisation<\/strong><\/p><p>L'acc\u00e8s et l'utilisation du site web sont soumis aux conditions suivantes :<\/p><p>2.1. <strong>Acceptation des conditions<\/strong>En acc\u00e9dant au site web et en l'utilisant, vous acceptez pleinement et sans r\u00e9serve les pr\u00e9sentes conditions g\u00e9n\u00e9rales.<\/p><p>2.2. <strong>Utilisation autoris\u00e9e<\/strong>Vous acceptez d'utiliser le site web conform\u00e9ment aux lois et r\u00e8glements applicables et d'une mani\u00e8re qui ne porte pas atteinte aux droits d'un tiers ou qui n'interf\u00e8re pas avec le fonctionnement normal du site web.<\/p><p>2.3. <strong>Modifications<\/strong>La soci\u00e9t\u00e9 se r\u00e9serve le droit de modifier ou de mettre \u00e0 jour le contenu du site web, ainsi que les pr\u00e9sentes conditions g\u00e9n\u00e9rales, \u00e0 tout moment et sans pr\u00e9avis.<\/p><p><strong>3. Propri\u00e9t\u00e9 intellectuelle<\/strong><\/p><p>3.1. <strong>Droit d'auteur<\/strong>Tout le contenu du site web, y compris, mais sans s'y limiter, les textes, les images, les graphiques, les logos, les dessins et les logiciels, est prot\u00e9g\u00e9 par des droits d'auteur et d'autres droits de propri\u00e9t\u00e9 intellectuelle de la soci\u00e9t\u00e9 ou de tiers sous licence.<\/p><p>3.2. <strong>Usage restreint<\/strong>La reproduction, la distribution, la modification ou toute autre utilisation du contenu du site Web est interdite sans l'accord \u00e9crit pr\u00e9alable de la soci\u00e9t\u00e9.<\/p><p><strong>4. Limitation de la responsabilit\u00e9<\/strong><\/p><p>4.1. <strong>Utilisation du site web<\/strong>L'utilisation du site web rel\u00e8ve de la seule responsabilit\u00e9 de l'utilisateur. La soci\u00e9t\u00e9 ne garantit pas la disponibilit\u00e9 ininterrompue ou sans erreur du site web, ni l'exactitude, l'exhaustivit\u00e9 ou l'ad\u00e9quation de son contenu.<\/p><p>4.2. <strong>Liens vers des tiers<\/strong>Le site web peut inclure des liens vers des sites web de tiers. La soci\u00e9t\u00e9 n'est pas responsable du contenu ou des pratiques de confidentialit\u00e9 de ces sites et votre acc\u00e8s \u00e0 ces derniers est soumis \u00e0 leurs propres conditions.<\/p><p><strong>5. Vie priv\u00e9e et protection des donn\u00e9es<\/strong><\/p><p>La collecte et l'utilisation de donn\u00e9es \u00e0 caract\u00e8re personnel par l'entreprise sont r\u00e9gies par notre <span style=\"text-decoration: underline;\"><a href=\"https:\/\/portademar.com\/fr\/politica-privacidad\/\">[Politique de protection de la vie priv\u00e9e] [Politique de protection de la vie priv\u00e9e<\/a><\/span>. En utilisant le site web, vous acceptez notre politique de confidentialit\u00e9.<\/p><p><strong>6. Droit applicable et juridiction<\/strong><\/p><p>Les pr\u00e9sentes conditions g\u00e9n\u00e9rales sont r\u00e9gies par le droit espagnol. Tout litige li\u00e9 au site Web ou aux pr\u00e9sentes conditions sera soumis \u00e0 la comp\u00e9tence exclusive des tribunaux de la ville d'Oropesa.<\/p><p><strong>7. Contact<\/strong><\/p><p>Si vous avez des questions ou des commentaires sur les pr\u00e9sentes mentions l\u00e9gales, veuillez nous contacter \u00e0 l'adresse \u00e9lectronique suivante : info@portademar.com.<\/p>\t\t\t\t\t\t\t\t<\/div>\n\t\t\t\t<\/div>\n\t\t\t\t\t<\/div>\n\t\t<\/div>\n\t\t\t\t\t<\/div>\n\t\t<\/section>\n\t\t\t\t<\/div>","protected":false},"excerpt":{"rendered":"<p>\u00a0 Mentions l\u00e9gales Derni\u00e8re mise \u00e0 jour : 23.07.24 1. Informations l\u00e9gales Les pr\u00e9sentes mentions l\u00e9gales r\u00e9gissent l'utilisation du site web https:\/\/portademar.com\/es (ci-apr\u00e8s d\u00e9nomm\u00e9 \"le site web\") de Porta De Mar (ci-apr\u00e8s d\u00e9nomm\u00e9e \"l'entreprise\"). Les coordonn\u00e9es de la soci\u00e9t\u00e9 sont les suivantes : Forum properties KRG sl, B70888052 Partida Santa Quiteria 840, 12550, Castell\u00f3n Nom commercial : [...]<\/p>","protected":false},"author":5,"featured_media":0,"parent":0,"menu_order":0,"comment_status":"closed","ping_status":"closed","template":"","meta":{"footnotes":""},"class_list":["post-9551","page","type-page","status-publish","hentry"],"_links":{"self":[{"href":"https:\/\/portademar.com\/fr\/wp-json\/wp\/v2\/pages\/9551","targetHints":{"allow":["GET"]}}],"collection":[{"href":"https:\/\/portademar.com\/fr\/wp-json\/wp\/v2\/pages"}],"about":[{"href":"https:\/\/portademar.com\/fr\/wp-json\/wp\/v2\/types\/page"}],"author":[{"embeddable":true,"href":"https:\/\/portademar.com\/fr\/wp-json\/wp\/v2\/users\/5"}],"replies":[{"embeddable":true,"href":"https:\/\/portademar.com\/fr\/wp-json\/wp\/v2\/comments?post=9551"}],"version-history":[{"count":25,"href":"https:\/\/portademar.com\/fr\/wp-json\/wp\/v2\/pages\/9551\/revisions"}],"predecessor-version":[{"id":10841,"href":"https:\/\/portademar.com\/fr\/wp-json\/wp\/v2\/pages\/9551\/revisions\/10841"}],"wp:attachment":[{"href":"https:\/\/portademar.com\/fr\/wp-json\/wp\/v2\/media?parent=9551"}],"curies":[{"name":"wp","href":"https:\/\/api.w.org\/{rel}","templated":true}]}}