{"id":9008,"date":"2023-09-04T13:58:40","date_gmt":"2023-09-04T13:58:40","guid":{"rendered":"https:\/\/portademar.com\/?page_id=9008"},"modified":"2024-07-16T19:29:42","modified_gmt":"2024-07-16T17:29:42","slug":"gracias-por-contactar","status":"publish","type":"page","link":"https:\/\/portademar.com\/nb\/gracias-por-contactar\/","title":{"rendered":"Takk for at du tok kontakt med"},"content":{"rendered":"<div data-elementor-type=\"wp-page\" data-elementor-id=\"9008\" class=\"elementor elementor-9008\" data-elementor-post-type=\"page\">\n\t\t\t\t<div class=\"elementor-element elementor-element-7e5a614 e-con-full e-flex e-con e-parent\" data-id=\"7e5a614\" data-element_type=\"container\" data-settings=\"{&quot;background_background&quot;:&quot;classic&quot;}\">\n\t\t\t\t<div class=\"elementor-element elementor-element-8f1a94d elementor-widget elementor-widget-heading\" data-id=\"8f1a94d\" data-element_type=\"widget\" data-widget_type=\"heading.default\">\n\t\t\t\t<div class=\"elementor-widget-container\">\n\t\t\t\t\t<h2 class=\"elementor-heading-title elementor-size-default\">Takk for at du tok kontakt med oss!<\/h2>\t\t\t\t<\/div>\n\t\t\t\t<\/div>\n\t\t\t\t<\/div>\n\t\t<div class=\"elementor-element elementor-element-61d1323 e-flex e-con-boxed e-con e-parent\" data-id=\"61d1323\" data-element_type=\"container\" data-settings=\"{&quot;background_background&quot;:&quot;classic&quot;}\">\n\t\t\t\t\t<div class=\"e-con-inner\">\n\t\t\t\t<div class=\"elementor-element elementor-element-ccb0ef7 elementor-widget elementor-widget-image\" data-id=\"ccb0ef7\" data-element_type=\"widget\" data-widget_type=\"image.default\">\n\t\t\t\t<div class=\"elementor-widget-container\">\n\t\t\t\t\t\t\t\t\t\t\t\t\t\t\t<img decoding=\"async\" width=\"28\" height=\"18\" src=\"https:\/\/portademar.com\/wp-content\/uploads\/2023\/07\/3-BANDAS.svg\" class=\"attachment-large size-large wp-image-7967\" alt=\"\" \/>\t\t\t\t\t\t\t\t\t\t\t\t\t\t\t<\/div>\n\t\t\t\t<\/div>\n\t\t\t\t<div class=\"elementor-element elementor-element-aec8683 elementor-widget elementor-widget-text-editor\" data-id=\"aec8683\" data-element_type=\"widget\" data-widget_type=\"text-editor.default\">\n\t\t\t\t<div class=\"elementor-widget-container\">\n\t\t\t\t\t\t\t\t\t<p>Vi kontakter deg s\u00e5 snart som mulig. Hvis du har ytterligere sp\u00f8rsm\u00e5l, er du velkommen til \u00e5 kontakte oss p\u00e5 mobiltelefonen v\u00e5r.<\/p>\t\t\t\t\t\t\t\t<\/div>\n\t\t\t\t<\/div>\n\t\t\t\t<div class=\"elementor-element elementor-element-6ff6eb2 elementor-widget elementor-widget-button\" data-id=\"6ff6eb2\" data-element_type=\"widget\" data-widget_type=\"button.default\">\n\t\t\t\t<div class=\"elementor-widget-container\">\n\t\t\t\t\t\t\t\t\t<div class=\"elementor-button-wrapper\">\n\t\t\t\t\t<a class=\"elementor-button elementor-button-link elementor-size-sm\" href=\"http:\/\/wa.me\/+34634015403\">\n\t\t\t\t\t\t<span class=\"elementor-button-content-wrapper\">\n\t\t\t\t\t\t<span class=\"elementor-button-icon\">\n\t\t\t\t<i aria-hidden=\"true\" class=\"fab fa-whatsapp\"><\/i>\t\t\t<\/span>\n\t\t\t\t\t\t\t\t\t<span class=\"elementor-button-text\">634 015 403<\/span>\n\t\t\t\t\t<\/span>\n\t\t\t\t\t<\/a>\n\t\t\t\t<\/div>\n\t\t\t\t\t\t\t\t<\/div>\n\t\t\t\t<\/div>\n\t\t\t\t\t<\/div>\n\t\t\t\t<\/div>\n\t\t\t\t<\/div>","protected":false},"excerpt":{"rendered":"<p>Takk for at du kontaktet oss! Vi vil kontakte deg s\u00e5 snart som mulig. Hvis du har ytterligere sp\u00f8rsm\u00e5l, er du velkommen til \u00e5 kontakte oss p\u00e5 v\u00e5rt mobiltelefonnummer. 634 015 403<\/p>","protected":false},"author":5,"featured_media":0,"parent":0,"menu_order":0,"comment_status":"closed","ping_status":"closed","template":"","meta":{"footnotes":""},"class_list":["post-9008","page","type-page","status-publish","hentry"],"_links":{"self":[{"href":"https:\/\/portademar.com\/nb\/wp-json\/wp\/v2\/pages\/9008","targetHints":{"allow":["GET"]}}],"collection":[{"href":"https:\/\/portademar.com\/nb\/wp-json\/wp\/v2\/pages"}],"about":[{"href":"https:\/\/portademar.com\/nb\/wp-json\/wp\/v2\/types\/page"}],"author":[{"embeddable":true,"href":"https:\/\/portademar.com\/nb\/wp-json\/wp\/v2\/users\/5"}],"replies":[{"embeddable":true,"href":"https:\/\/portademar.com\/nb\/wp-json\/wp\/v2\/comments?post=9008"}],"version-history":[{"count":34,"href":"https:\/\/portademar.com\/nb\/wp-json\/wp\/v2\/pages\/9008\/revisions"}],"predecessor-version":[{"id":10680,"href":"https:\/\/portademar.com\/nb\/wp-json\/wp\/v2\/pages\/9008\/revisions\/10680"}],"wp:attachment":[{"href":"https:\/\/portademar.com\/nb\/wp-json\/wp\/v2\/media?parent=9008"}],"curies":[{"name":"wp","href":"https:\/\/api.w.org\/{rel}","templated":true}]}}