{"id":9550,"date":"2023-09-27T13:43:21","date_gmt":"2023-09-27T11:43:21","guid":{"rendered":"https:\/\/portademar.com\/?page_id=9550"},"modified":"2023-09-27T13:50:12","modified_gmt":"2023-09-27T11:50:12","slug":"politica-privacidad","status":"publish","type":"page","link":"https:\/\/portademar.com\/nb\/politica-privacidad\/","title":{"rendered":"Retningslinjer for personvern"},"content":{"rendered":"<div data-elementor-type=\"wp-page\" data-elementor-id=\"9550\" class=\"elementor elementor-9550\" data-elementor-post-type=\"page\">\n\t\t\t\t<div class=\"elementor-element elementor-element-25f193a e-flex e-con-boxed e-con e-parent\" data-id=\"25f193a\" data-element_type=\"container\" data-settings=\"{&quot;background_background&quot;:&quot;classic&quot;}\">\n\t\t\t\t\t<div class=\"e-con-inner\">\n\t\t\t\t\t<\/div>\n\t\t\t\t<\/div>\n\t\t<div class=\"elementor-element elementor-element-e2dd7a1 e-flex e-con-boxed e-con e-parent\" data-id=\"e2dd7a1\" data-element_type=\"container\">\n\t\t\t\t\t<div class=\"e-con-inner\">\n\t\t\t\t<div class=\"elementor-element elementor-element-ab8d3fb elementor-widget elementor-widget-heading\" data-id=\"ab8d3fb\" data-element_type=\"widget\" data-widget_type=\"heading.default\">\n\t\t\t\t<div class=\"elementor-widget-container\">\n\t\t\t\t\t<h1 class=\"elementor-heading-title elementor-size-default\">Retningslinjer for personvern<\/h1>\t\t\t\t<\/div>\n\t\t\t\t<\/div>\n\t\t\t\t<div class=\"elementor-element elementor-element-e0591a7 elementor-widget elementor-widget-heading\" data-id=\"e0591a7\" data-element_type=\"widget\" data-widget_type=\"heading.default\">\n\t\t\t\t<div class=\"elementor-widget-container\">\n\t\t\t\t\t<h2 class=\"elementor-heading-title elementor-size-default\">Porta De Mar<\/h2>\t\t\t\t<\/div>\n\t\t\t\t<\/div>\n\t\t\t\t\t<\/div>\n\t\t\t\t<\/div>\n\t\t\t\t<section class=\"elementor-section elementor-top-section elementor-element elementor-element-13508294 elementor-section-boxed elementor-section-height-default elementor-section-height-default\" data-id=\"13508294\" data-element_type=\"section\">\n\t\t\t\t\t\t<div class=\"elementor-container elementor-column-gap-default\">\n\t\t\t\t\t<div class=\"elementor-column elementor-col-100 elementor-top-column elementor-element elementor-element-4b7b4f53\" data-id=\"4b7b4f53\" data-element_type=\"column\">\n\t\t\t<div class=\"elementor-widget-wrap elementor-element-populated\">\n\t\t\t\t\t\t<div class=\"elementor-element elementor-element-aa9706d elementor-widget elementor-widget-text-editor\" data-id=\"aa9706d\" data-element_type=\"widget\" data-widget_type=\"text-editor.default\">\n\t\t\t\t<div class=\"elementor-widget-container\">\n\t\t\t\t\t\t\t\t\t<p>Siste oppdatering: 27\/09\/23<\/p><p>Porta De Mar (\"vi\", \"oss\", \"v\u00e5r\", \"v\u00e5re\" eller \"selskapet\") er opptatt av \u00e5 beskytte personvernet ditt og dine personopplysninger. Denne personvernerkl\u00e6ringen forklarer hvordan vi samler inn, bruker og deler personopplysningene dine n\u00e5r du bes\u00f8ker nettstedet v\u00e5rt. <a href=\"https:\/\/portademar.com\/nb\/\" target=\"_new\">https:\/\/portademar.com\/es<\/a> (\"nettstedet\"). Den beskriver ogs\u00e5 dine rettigheter og valgmuligheter n\u00e5r det gjelder dine personopplysninger. Ved \u00e5 bruke nettstedet v\u00e5rt godtar du praksisen som er beskrevet i denne personvernerkl\u00e6ringen.<\/p><p><strong>1. informasjon vi samler inn<\/strong><\/p><p>N\u00e5r du bes\u00f8ker nettstedet v\u00e5rt, samler vi inn visse personopplysninger fra deg, som kan omfatte, men ikke er begrenset til:<\/p><p>1.1. <strong>Kontaktinformasjon<\/strong>Dette kan omfatte navn, e-postadresse og telefonnummer, som du oppgir til oss n\u00e5r du kommuniserer med oss via nettstedet eller den oppgitte e-posten.<\/p><p>1.2. <strong>Navigasjonsdata<\/strong>Vi samler inn informasjon om enheten din og surfeaktiviteten din p\u00e5 nettstedet v\u00e5rt, inkludert IP-adresse, nettlesertype, dato og klokkeslett for tilgang, bes\u00f8kte sider og andre bruksm\u00e5linger.<\/p><p>1.3. <strong>Informasjonskapsler og lignende teknologier<\/strong>Vi bruker informasjonskapsler og lignende teknologier for \u00e5 samle inn informasjon om din interaksjon med nettstedet. Du kan finne ut mer om hvordan vi bruker informasjonskapsler p\u00e5 v\u00e5r <span style=\"text-decoration: underline;\"><a href=\"https:\/\/portademar.com\/nb\/politica-de-cookies-ue\/\">[Retningslinjer for informasjonskapsler]<\/a><\/span><\/p><p><strong>2. Bruk av informasjon<\/strong><\/p><p>Vi bruker informasjonen vi samler inn til \u00e5:<\/p><p>2.1 Tilby og vedlikeholde nettstedet og dets funksjoner.<\/p><p>2.2. svare p\u00e5 dine sp\u00f8rsm\u00e5l og foresp\u00f8rsler.<\/p><p>2.3. for \u00e5 sende deg informasjon om v\u00e5re tjenester og kampanjer, hvis du har samtykket til \u00e5 motta slik informasjon.<\/p><p>2.4. forbedre og tilpasse opplevelsen din p\u00e5 nettstedet.<\/p><p>2.5. Overholde v\u00e5re juridiske og regulatoriske forpliktelser.<\/p><p><strong>3. Deling av informasjon<\/strong><\/p><p>Vi deler ikke personopplysningene dine med tredjeparter, bortsett fra under f\u00f8lgende omstendigheter:<\/p><p>3.1 N\u00e5r vi har ditt uttrykkelige samtykke.<\/p><p>3.2. n\u00e5r det er n\u00f8dvendig for \u00e5 gi deg de tjenestene du ber om.<\/p><p>3.3 For \u00e5 overholde juridiske og regulatoriske forpliktelser.<\/p><p><strong>4. Datasikkerhet<\/strong><\/p><p>Vi gj\u00f8r alt vi kan for \u00e5 beskytte personopplysningene dine og holde dem konfidensielle. Vi gj\u00f8r imidlertid oppmerksom p\u00e5 at ingen dataoverf\u00f8ring over Internett er helt sikker, og vi kan ikke garantere sikkerheten til informasjonen du deler med oss.<\/p><p><strong>5. Dine rettigheter<\/strong><\/p><p>Du har visse rettigheter med hensyn til personopplysningene dine, blant annet rett til innsyn, retting, sletting, begrensning og portabilitet av opplysningene dine. Hvis du vil ut\u00f8ve disse rettighetene, kan du kontakte oss p\u00e5 f\u00f8lgende e-postadresse: info@portademar.com.<\/p><p><strong>6. Endringer i denne personvernerkl\u00e6ringen<\/strong><\/p><p>Vi forbeholder oss retten til \u00e5 oppdatere denne personvernerkl\u00e6ringen n\u00e5r som helst. Eventuelle endringer vil tre i kraft fra og med ikrafttredelsesdatoen som er angitt i begynnelsen av denne erkl\u00e6ringen. Vi oppfordrer deg til \u00e5 lese denne personvernerkl\u00e6ringen med jevne mellomrom for \u00e5 v\u00e6re oppmerksom p\u00e5 eventuelle endringer.<\/p><p><strong>7. Kontakt<\/strong><\/p><p>Hvis du har sp\u00f8rsm\u00e5l eller bekymringer om denne personvernerkl\u00e6ringen eller h\u00e5ndteringen av personopplysningene dine, kan du kontakte oss p\u00e5 f\u00f8lgende e-postadresse: info@portademar.com.<\/p>\t\t\t\t\t\t\t\t<\/div>\n\t\t\t\t<\/div>\n\t\t\t\t\t<\/div>\n\t\t<\/div>\n\t\t\t\t\t<\/div>\n\t\t<\/section>\n\t\t\t\t<\/div>","protected":false},"excerpt":{"rendered":"<p>Porta De Mar Personvernerkl\u00e6ring Sist oppdatert: 27\/09\/23 Porta De Mar (\"vi\", \"oss\", \"v\u00e5r\" eller \"selskapet\") er opptatt av \u00e5 beskytte ditt personvern og dine personopplysninger. Denne personvernerkl\u00e6ringen forklarer hvordan vi samler inn, bruker og deler personopplysningene dine n\u00e5r du bes\u00f8ker nettstedet v\u00e5rt http:\/\/uzrydtk.cluster028.hosting.ovh.net\/es (\"nettstedet\"). Den beskriver ogs\u00e5 dine rettigheter og muligheter med [...].<\/p>","protected":false},"author":5,"featured_media":0,"parent":0,"menu_order":0,"comment_status":"closed","ping_status":"closed","template":"","meta":{"footnotes":""},"class_list":["post-9550","page","type-page","status-publish","hentry"],"_links":{"self":[{"href":"https:\/\/portademar.com\/nb\/wp-json\/wp\/v2\/pages\/9550","targetHints":{"allow":["GET"]}}],"collection":[{"href":"https:\/\/portademar.com\/nb\/wp-json\/wp\/v2\/pages"}],"about":[{"href":"https:\/\/portademar.com\/nb\/wp-json\/wp\/v2\/types\/page"}],"author":[{"embeddable":true,"href":"https:\/\/portademar.com\/nb\/wp-json\/wp\/v2\/users\/5"}],"replies":[{"embeddable":true,"href":"https:\/\/portademar.com\/nb\/wp-json\/wp\/v2\/comments?post=9550"}],"version-history":[{"count":7,"href":"https:\/\/portademar.com\/nb\/wp-json\/wp\/v2\/pages\/9550\/revisions"}],"predecessor-version":[{"id":9559,"href":"https:\/\/portademar.com\/nb\/wp-json\/wp\/v2\/pages\/9550\/revisions\/9559"}],"wp:attachment":[{"href":"https:\/\/portademar.com\/nb\/wp-json\/wp\/v2\/media?parent=9550"}],"curies":[{"name":"wp","href":"https:\/\/api.w.org\/{rel}","templated":true}]}}