{"id":9551,"date":"2023-09-27T13:43:41","date_gmt":"2023-09-27T11:43:41","guid":{"rendered":"https:\/\/portademar.com\/?page_id=9551"},"modified":"2024-07-23T20:37:17","modified_gmt":"2024-07-23T18:37:17","slug":"aviso-legal","status":"publish","type":"page","link":"https:\/\/portademar.com\/nb\/aviso-legal\/","title":{"rendered":"Juridisk merknad"},"content":{"rendered":"<div data-elementor-type=\"wp-page\" data-elementor-id=\"9551\" class=\"elementor elementor-9551\" data-elementor-post-type=\"page\">\n\t\t\t\t<div class=\"elementor-element elementor-element-25f193a e-flex e-con-boxed e-con e-parent\" data-id=\"25f193a\" data-element_type=\"container\" data-settings=\"{&quot;background_background&quot;:&quot;classic&quot;}\">\n\t\t\t\t\t<div class=\"e-con-inner\">\n\t\t\t\t\t<\/div>\n\t\t\t\t<\/div>\n\t\t\t\t<section class=\"elementor-section elementor-top-section elementor-element elementor-element-13508294 elementor-section-boxed elementor-section-height-default elementor-section-height-default\" data-id=\"13508294\" data-element_type=\"section\">\n\t\t\t\t\t\t<div class=\"elementor-container elementor-column-gap-default\">\n\t\t\t\t\t<div class=\"elementor-column elementor-col-100 elementor-top-column elementor-element elementor-element-4b7b4f53\" data-id=\"4b7b4f53\" data-element_type=\"column\">\n\t\t\t<div class=\"elementor-widget-wrap elementor-element-populated\">\n\t\t\t\t\t\t<div class=\"elementor-element elementor-element-5038fdc elementor-widget elementor-widget-text-editor\" data-id=\"5038fdc\" data-element_type=\"widget\" data-widget_type=\"text-editor.default\">\n\t\t\t\t<div class=\"elementor-widget-container\">\n\t\t\t\t\t\t\t\t\t<p>\u00a0<\/p><h5><b>Juridisk merknad<\/b><\/h5><p>Sist oppdatert: 23.07.24<\/p><p><strong>1. juridisk informasjon<\/strong><\/p><p>Denne juridiske merknaden regulerer bruken av nettstedet. <a href=\"https:\/\/portademar.com\/nb\/\" target=\"_new\">https:\/\/portademar.com\/es<\/a> (heretter \"nettstedet\") til Porta De Mar (heretter \"selskapet\"). Kontaktinformasjonen til selskapet er som f\u00f8lger:<\/p><ul><li>Forum eiendommer KRG sl, B70888052<\/li><li>Partida Santa Quiteria 840, 12550, Castell\u00f3n<\/li><li>Handelsnavn: Porta De Mar<\/li><li>Adresse: Plaza Illes Balears, n\u00ba1 - Local 2, 12594, Oropesa<\/li><li>E-post: info@portademar.com<\/li><li>Telefonnummer: +34 691 40 00 07<\/li><\/ul><p><strong>2. Betingelser for bruk<\/strong><\/p><p>Tilgang til og bruk av nettstedet er underlagt f\u00f8lgende vilk\u00e5r:<\/p><p>2.1. <strong>Aksept av vilk\u00e5r<\/strong>Ved \u00e5 g\u00e5 inn p\u00e5 og bruke nettstedet godtar du fullt ut og uten forbehold disse vilk\u00e5rene og betingelsene.<\/p><p>2.2. <strong>Autorisert bruk<\/strong>Du samtykker i \u00e5 bruke nettstedet i samsvar med gjeldende lover og forskrifter og p\u00e5 en m\u00e5te som ikke krenker tredjeparts rettigheter eller forstyrrer nettstedets normale drift.<\/p><p>2.3. <strong>Modifikasjoner<\/strong>Selskapet forbeholder seg retten til \u00e5 endre eller oppdatere innholdet p\u00e5 nettstedet, samt disse vilk\u00e5rene og betingelsene, n\u00e5r som helst uten forvarsel.<\/p><p><strong>3. Intellektuell eiendom<\/strong><\/p><p>3.1. <strong>Opphavsrett<\/strong>Alt innhold p\u00e5 nettstedet, inkludert, men ikke begrenset til, tekst, bilder, grafikk, logoer, design og programvare, er beskyttet av opphavsrett og andre immaterielle rettigheter som tilh\u00f8rer selskapet eller lisensierte tredjeparter.<\/p><p>3.2. <strong>Begrenset bruk<\/strong>Reproduksjon, distribusjon, endring eller annen bruk av innholdet p\u00e5 nettstedet er forbudt uten skriftlig forh\u00e5ndssamtykke fra selskapet.<\/p><p><strong>4. Ansvarsbegrensning<\/strong><\/p><p>4.1. <strong>Bruk av nettstedet<\/strong>Bruken av nettstedet er brukerens eget ansvar. Selskapet garanterer ikke at nettstedet er tilgjengelig uten avbrudd eller feil, eller at innholdet er n\u00f8yaktig, fullstendig eller egnet.<\/p><p>4.2. <strong>Lenker til tredjeparter<\/strong>Nettstedet kan inneholde lenker til tredjeparts nettsteder. Selskapet er ikke ansvarlig for innholdet eller personvernpraksisen p\u00e5 disse nettstedene, og din tilgang til dem er underlagt deres egne vilk\u00e5r og betingelser.<\/p><p><strong>5. Personvern og databeskyttelse<\/strong><\/p><p>Selskapets innsamling og bruk av personopplysninger er regulert av v\u00e5r <span style=\"text-decoration: underline;\"><a href=\"https:\/\/portademar.com\/nb\/politica-privacidad\/\">[Retningslinjer for personvern] [Retningslinjer for personvern<\/a><\/span>. Ved \u00e5 bruke nettstedet samtykker du til v\u00e5r personvernerkl\u00e6ring.<\/p><p><strong>6. Gjeldende lov og jurisdiksjon<\/strong><\/p><p>Disse vilk\u00e5rene og betingelsene er underlagt spansk lov. Eventuelle tvister som oppst\u00e5r i forbindelse med nettstedet eller disse vilk\u00e5rene, skal underlegges domstolene i Oropesa bys eksklusive jurisdiksjon.<\/p><p><strong>7. Kontakt<\/strong><\/p><p>Hvis du har sp\u00f8rsm\u00e5l eller kommentarer til denne juridiske merknaden, kan du kontakte oss p\u00e5 f\u00f8lgende e-postadresse: info@portademar.com.<\/p>\t\t\t\t\t\t\t\t<\/div>\n\t\t\t\t<\/div>\n\t\t\t\t\t<\/div>\n\t\t<\/div>\n\t\t\t\t\t<\/div>\n\t\t<\/section>\n\t\t\t\t<\/div>","protected":false},"excerpt":{"rendered":"<p>\u00a0 Juridisk informasjon Sist oppdatert: 23.07.24 1. Juridisk informasjon Denne juridiske informasjonen regulerer bruken av nettstedet https:\/\/portademar.com\/es (heretter kalt \"nettstedet\") til Porta De Mar (heretter kalt \"selskapet\"). Selskapets kontaktinformasjon er som f\u00f8lger: Forum properties KRG sl, B70888052 Partida Santa Quiteria 840, 12550, Castell\u00f3n Forretningsnavn: [...]<\/p>","protected":false},"author":5,"featured_media":0,"parent":0,"menu_order":0,"comment_status":"closed","ping_status":"closed","template":"","meta":{"footnotes":""},"class_list":["post-9551","page","type-page","status-publish","hentry"],"_links":{"self":[{"href":"https:\/\/portademar.com\/nb\/wp-json\/wp\/v2\/pages\/9551","targetHints":{"allow":["GET"]}}],"collection":[{"href":"https:\/\/portademar.com\/nb\/wp-json\/wp\/v2\/pages"}],"about":[{"href":"https:\/\/portademar.com\/nb\/wp-json\/wp\/v2\/types\/page"}],"author":[{"embeddable":true,"href":"https:\/\/portademar.com\/nb\/wp-json\/wp\/v2\/users\/5"}],"replies":[{"embeddable":true,"href":"https:\/\/portademar.com\/nb\/wp-json\/wp\/v2\/comments?post=9551"}],"version-history":[{"count":25,"href":"https:\/\/portademar.com\/nb\/wp-json\/wp\/v2\/pages\/9551\/revisions"}],"predecessor-version":[{"id":10841,"href":"https:\/\/portademar.com\/nb\/wp-json\/wp\/v2\/pages\/9551\/revisions\/10841"}],"wp:attachment":[{"href":"https:\/\/portademar.com\/nb\/wp-json\/wp\/v2\/media?parent=9551"}],"curies":[{"name":"wp","href":"https:\/\/api.w.org\/{rel}","templated":true}]}}