{"id":9551,"date":"2023-09-27T13:43:41","date_gmt":"2023-09-27T11:43:41","guid":{"rendered":"https:\/\/portademar.com\/?page_id=9551"},"modified":"2024-07-23T20:37:17","modified_gmt":"2024-07-23T18:37:17","slug":"aviso-legal","status":"publish","type":"page","link":"https:\/\/portademar.com\/sv\/aviso-legal\/","title":{"rendered":"R\u00e4ttsligt meddelande"},"content":{"rendered":"<div data-elementor-type=\"wp-page\" data-elementor-id=\"9551\" class=\"elementor elementor-9551\" data-elementor-post-type=\"page\">\n\t\t\t\t<div class=\"elementor-element elementor-element-25f193a e-flex e-con-boxed e-con e-parent\" data-id=\"25f193a\" data-element_type=\"container\" data-settings=\"{&quot;background_background&quot;:&quot;classic&quot;}\">\n\t\t\t\t\t<div class=\"e-con-inner\">\n\t\t\t\t\t<\/div>\n\t\t\t\t<\/div>\n\t\t\t\t<section class=\"elementor-section elementor-top-section elementor-element elementor-element-13508294 elementor-section-boxed elementor-section-height-default elementor-section-height-default\" data-id=\"13508294\" data-element_type=\"section\">\n\t\t\t\t\t\t<div class=\"elementor-container elementor-column-gap-default\">\n\t\t\t\t\t<div class=\"elementor-column elementor-col-100 elementor-top-column elementor-element elementor-element-4b7b4f53\" data-id=\"4b7b4f53\" data-element_type=\"column\">\n\t\t\t<div class=\"elementor-widget-wrap elementor-element-populated\">\n\t\t\t\t\t\t<div class=\"elementor-element elementor-element-5038fdc elementor-widget elementor-widget-text-editor\" data-id=\"5038fdc\" data-element_type=\"widget\" data-widget_type=\"text-editor.default\">\n\t\t\t\t<div class=\"elementor-widget-container\">\n\t\t\t\t\t\t\t\t\t<p>\u00a0<\/p><h5><b>R\u00e4ttsligt meddelande<\/b><\/h5><p>Senast uppdaterad: 23.07.24<\/p><p><strong>1. r\u00e4ttslig information<\/strong><\/p><p>Detta r\u00e4ttsliga meddelande reglerar anv\u00e4ndningen av webbplatsen <a href=\"https:\/\/portademar.com\/sv\/\" target=\"_new\">https:\/\/portademar.com\/es<\/a> (nedan kallad \"Webbplatsen\") f\u00f6r Porta De Mar (nedan kallat \"F\u00f6retaget\"). F\u00f6retagets kontaktuppgifter \u00e4r f\u00f6ljande:<\/p><ul><li>Forum fastigheter KRG sl, B70888052<\/li><li>Partida Santa Quiteria 840, 12550, Castell\u00f3n<\/li><li>Handelsnamn: Porta De Mar<\/li><li>Adress: Plaza Illes Balears, n\u00ba1 - Local 2, 12594, Oropesa<\/li><li>E-post: info@portademar.com<\/li><li>Telefonnummer: +34 691 40 00 07<\/li><\/ul><p><strong>2. Villkor f\u00f6r anv\u00e4ndning<\/strong><\/p><p>Tillg\u00e5ng till och anv\u00e4ndning av webbplatsen omfattas av f\u00f6ljande villkor:<\/p><p>2.1. <strong>Godk\u00e4nnande av villkor<\/strong>Genom att g\u00e5 in p\u00e5 och anv\u00e4nda webbplatsen accepterar du helt och utan f\u00f6rbeh\u00e5ll dessa villkor.<\/p><p>2.2. <strong>Till\u00e5ten anv\u00e4ndning<\/strong>Du samtycker till att anv\u00e4nda webbplatsen i enlighet med till\u00e4mpliga lagar och f\u00f6rordningar och p\u00e5 ett s\u00e4tt som inte inkr\u00e4ktar p\u00e5 n\u00e5gon tredje parts r\u00e4ttigheter eller st\u00f6r webbplatsens normala funktion.<\/p><p>2.3. <strong>\u00c4ndringar<\/strong>F\u00f6retaget f\u00f6rbeh\u00e5ller sig r\u00e4tten att \u00e4ndra eller uppdatera inneh\u00e5llet p\u00e5 webbplatsen, liksom dessa villkor, n\u00e4r som helst utan f\u00f6reg\u00e5ende meddelande.<\/p><p><strong>3. Immateriella r\u00e4ttigheter<\/strong><\/p><p>3.1. <strong>Upphovsr\u00e4tt<\/strong>Allt inneh\u00e5ll p\u00e5 webbplatsen, inklusive men inte begr\u00e4nsat till text, bilder, grafik, logotyper, design och programvara, \u00e4r skyddat av upphovsr\u00e4tt och andra immateriella r\u00e4ttigheter som tillh\u00f6r f\u00f6retaget eller licensierade tredje parter.<\/p><p>3.2. <strong>Begr\u00e4nsad anv\u00e4ndning<\/strong>Reproduktion, distribution, \u00e4ndring eller n\u00e5gon annan anv\u00e4ndning av inneh\u00e5llet p\u00e5 webbplatsen \u00e4r f\u00f6rbjuden utan f\u00f6reg\u00e5ende skriftligt medgivande fr\u00e5n f\u00f6retaget.<\/p><p><strong>4. Begr\u00e4nsning av skadest\u00e5ndsansvar<\/strong><\/p><p>4.1. <strong>Anv\u00e4ndning av webbplatsen<\/strong>Anv\u00e4ndaren \u00e4r ensam ansvarig f\u00f6r anv\u00e4ndningen av webbplatsen. F\u00f6retaget garanterar inte att webbplatsen \u00e4r tillg\u00e4nglig utan avbrott eller fel eller att dess inneh\u00e5ll \u00e4r korrekt, fullst\u00e4ndigt eller l\u00e4mpligt.<\/p><p>4.2. <strong>L\u00e4nkar till tredje part<\/strong>Webbplatsen kan inneh\u00e5lla l\u00e4nkar till tredje parts webbplatser. F\u00f6retaget ansvarar inte f\u00f6r inneh\u00e5llet eller sekretesspraxis p\u00e5 dessa webbplatser och din \u00e5tkomst till dem omfattas av deras egna villkor.<\/p><p><strong>5. Integritet och dataskydd<\/strong><\/p><p>F\u00f6retagets insamling och anv\u00e4ndning av personuppgifter styrs av v\u00e5r <span style=\"text-decoration: underline;\"><a href=\"https:\/\/portademar.com\/sv\/politica-privacidad\/\">[Sekretesspolicy] [Sekretesspolicy<\/a><\/span>. Genom att anv\u00e4nda webbplatsen samtycker du till v\u00e5r integritetspolicy.<\/p><p><strong>6. Till\u00e4mplig lag och jurisdiktion<\/strong><\/p><p>Dessa villkor regleras av spansk lag. Alla tvister som uppst\u00e5r i samband med webbplatsen eller dessa villkor ska avg\u00f6ras av domstolarna i staden Oropesa.<\/p><p><strong>7. Kontakt<\/strong><\/p><p>Om du har n\u00e5gra fr\u00e5gor eller kommentarer om detta r\u00e4ttsliga meddelande, v\u00e4nligen kontakta oss p\u00e5 f\u00f6ljande e-postadress: info@portademar.com.<\/p>\t\t\t\t\t\t\t\t<\/div>\n\t\t\t\t<\/div>\n\t\t\t\t\t<\/div>\n\t\t<\/div>\n\t\t\t\t\t<\/div>\n\t\t<\/section>\n\t\t\t\t<\/div>","protected":false},"excerpt":{"rendered":"<p>\u00a0 Juridiskt meddelande Senast uppdaterad: 23.07.24 1. Juridisk information Detta juridiska meddelande reglerar anv\u00e4ndningen av webbplatsen https:\/\/portademar.com\/es (nedan kallad \"webbplatsen\") som tillh\u00f6r Porta De Mar (nedan kallad \"f\u00f6retaget\"). Kontaktuppgifterna f\u00f6r f\u00f6retaget \u00e4r f\u00f6ljande: Forum properties KRG sl, B70888052 Partida Santa Quiteria 840, 12550, Castell\u00f3n F\u00f6retagsnamn: [...]<\/p>","protected":false},"author":5,"featured_media":0,"parent":0,"menu_order":0,"comment_status":"closed","ping_status":"closed","template":"","meta":{"footnotes":""},"class_list":["post-9551","page","type-page","status-publish","hentry"],"_links":{"self":[{"href":"https:\/\/portademar.com\/sv\/wp-json\/wp\/v2\/pages\/9551","targetHints":{"allow":["GET"]}}],"collection":[{"href":"https:\/\/portademar.com\/sv\/wp-json\/wp\/v2\/pages"}],"about":[{"href":"https:\/\/portademar.com\/sv\/wp-json\/wp\/v2\/types\/page"}],"author":[{"embeddable":true,"href":"https:\/\/portademar.com\/sv\/wp-json\/wp\/v2\/users\/5"}],"replies":[{"embeddable":true,"href":"https:\/\/portademar.com\/sv\/wp-json\/wp\/v2\/comments?post=9551"}],"version-history":[{"count":25,"href":"https:\/\/portademar.com\/sv\/wp-json\/wp\/v2\/pages\/9551\/revisions"}],"predecessor-version":[{"id":10841,"href":"https:\/\/portademar.com\/sv\/wp-json\/wp\/v2\/pages\/9551\/revisions\/10841"}],"wp:attachment":[{"href":"https:\/\/portademar.com\/sv\/wp-json\/wp\/v2\/media?parent=9551"}],"curies":[{"name":"wp","href":"https:\/\/api.w.org\/{rel}","templated":true}]}}